{"id":17,"date":"2015-12-17T11:29:25","date_gmt":"2015-12-17T10:29:25","guid":{"rendered":"http:\/\/www.guus4ever.com\/?page_id=17&#038;lang=de"},"modified":"2024-07-02T11:46:56","modified_gmt":"2024-07-02T10:46:56","slug":"home","status":"publish","type":"page","link":"https:\/\/www.guus4ever.com\/de\/","title":{"rendered":"Home"},"content":{"rendered":"<p style=\"text-align: justify;\"><span lang=\"DE\">Fotografie ist f\u00fcr uns der visuelle Ausdruck unserer Gef\u00fchle. Wir f\u00fchlen uns selbst als Impressionisten, weil wir mit gro\u00dfer sinnlicher Aufgeschlossenheit, den Eindruck und das Gef\u00fchl von einen einzigartigen Moment wiedergeben m\u00f6chten.&nbsp;Auch wollen wir offene Augen f\u00fcr die Wirkung des Sonnenlichtes und die kleinsten Nuancen der Realit\u00e4t haben. Die Natur, der Mensch und seine Kultur sind dabei unsere wichtigsten Inspirationsquellen.&nbsp;Es entsteht sozusagen eine Wechselwirkung zwischen uns und dem Objekt. Wir sp\u00fcren dadurch eine enorme Dosis Energie. \u00dcbergl\u00fccklich, um es&nbsp;<\/span>\u00fcberhaupt und gemeinsam tun zu d\u00fcrfen, ist es eine reine Sinnesfreude! Die Feststellung, dass das Betrachten unserer Bilder Freude bringt und in kurzen Augenblicken andere zu eigener Kreativit\u00e4t anregt, ist eine Best\u00e4tigung unserer Aktivit\u00e4t, die wir sehr sch\u00f6n finden und ist uns ein Anreiz, um immer die Augen offen zu halten!<\/p>\n<p style=\"text-align: justify;\">Die <span style=\"text-decoration: underline;\"><strong>Audio-Visuelle-Shows<\/strong><\/span> dauern durchschnittlich 2 mal 45 Minuten.<\/p>\n","protected":false},"excerpt":{"rendered":"<p>Fotografie ist f\u00fcr uns der visuelle Ausdruck unserer Gef\u00fchle. Wir f\u00fchlen uns selbst als Impressionisten, weil wir mit gro\u00dfer sinnlicher Aufgeschlossenheit, den Eindruck und das Gef\u00fchl von einen einzigartigen Moment wiedergeben m\u00f6chten.&nbsp;Auch wollen wir offene Augen f\u00fcr die Wirkung des &hellip; <a href=\"https:\/\/www.guus4ever.com\/de\/\">Weiterlesen<\/a><\/p>\n","protected":false},"author":1,"featured_media":0,"parent":0,"menu_order":1,"comment_status":"closed","ping_status":"closed","template":"","meta":{"kt_blocks_editor_width":"","ngg_post_thumbnail":0,"footnotes":""},"class_list":["post-17","page","type-page","status-publish","hentry"],"yoast_head":"<!-- This site is optimized with the Yoast SEO plugin v23.0 - https:\/\/yoast.com\/wordpress\/plugins\/seo\/ -->\n<title>Home - Guus4ever Guus Reinartz<\/title>\n<meta name=\"description\" content=\"Martina und Guus Reinartz, Fotografenehepaar wohnhaft in Landgraaf in den Niederlanden. Begeisterte Fotografen mit Hingabe zum Detail.\" \/>\n<meta name=\"robots\" content=\"index, follow, max-snippet:-1, max-image-preview:large, max-video-preview:-1\" \/>\n<link rel=\"canonical\" href=\"https:\/\/www.guus4ever.com\/de\/home\/\" \/>\n<meta property=\"og:locale\" content=\"de_DE\" \/>\n<meta property=\"og:type\" content=\"article\" \/>\n<meta property=\"og:title\" content=\"Fotografie Martina &amp; Guus Reinartz\" \/>\n<meta property=\"og:description\" content=\"Fotografie is voor ons de visuele uitdrukking van onze gevoelens. We voelen ons als impressionisten, want we willen met grote zintuiglijke ontvankelijkheid de indruk en sfeer van \u00e9\u00e9n enkel moment weergeven. Ook willen we een open oog hebben voor de werking van het zonlicht en de kleinste nuances van de werkelijkheid. De natuur, de mens en de cultuur (en zeker in Limburg) zijn daarbij onze belangrijkste inspiratiebronnen. Er ontstaat dan een wisselwerking tussen ons en onze onderwerpen, waardoor we een enorme dosis energie krijgen. Dan zijn we blij dat we het \u00fcberhaupt mogen doen en dat we er zo intens van kunnen genieten! Te ervaren dat het bekijken van onze beelden anderen plezier brengt en op momenten ook nog tot een stuk eigen creativiteit aanzet, is \u00e8n een bevestiging van een activiteit die we bijzonder fijn vinden, \u00e8n een stimulans om telkens nieuwe uitdagingen te blijven zoeken!\" \/>\n<meta property=\"og:url\" content=\"https:\/\/www.guus4ever.com\/de\/home\/\" \/>\n<meta property=\"og:site_name\" content=\"Guus4ever\" \/>\n<meta property=\"article:publisher\" content=\"https:\/\/www.facebook.com\/Guus.Reinartz\/\" \/>\n<meta property=\"article:modified_time\" content=\"2024-07-02T10:46:56+00:00\" \/>\n<meta property=\"og:image\" content=\"https:\/\/www.guus4ever.com\/wp-content\/uploads\/2023\/06\/Martina-Guus-Reinartz.jpg\" \/>\n\t<meta property=\"og:image:width\" content=\"2560\" \/>\n\t<meta property=\"og:image:height\" content=\"1700\" \/>\n\t<meta property=\"og:image:type\" content=\"image\/jpeg\" \/>\n<meta name=\"twitter:card\" content=\"summary_large_image\" \/>\n<meta name=\"twitter:title\" content=\"Fotografie Martina &amp; Guus Reinartz\" \/>\n<meta name=\"twitter:description\" content=\"Fotografie is voor ons de visuele uitdrukking van onze gevoelens. We voelen ons als impressionisten, want we willen met grote zintuiglijke ontvankelijkheid de indruk en sfeer van \u00e9\u00e9n enkel moment weergeven. Ook willen we een open oog hebben voor de werking van het zonlicht en de kleinste nuances van de werkelijkheid. De natuur, de mens en de cultuur (en zeker in Limburg) zijn daarbij onze belangrijkste inspiratiebronnen. Er ontstaat dan een wisselwerking tussen ons en onze onderwerpen, waardoor we een enorme dosis energie krijgen. Dan zijn we blij dat we het \u00fcberhaupt mogen doen en dat we er zo intens van kunnen genieten! Te ervaren dat het bekijken van onze beelden anderen plezier brengt en op momenten ook nog tot een stuk eigen creativiteit aanzet, is \u00e8n een bevestiging van een activiteit die we bijzonder fijn vinden, \u00e8n een stimulans om telkens nieuwe uitdagingen te blijven zoeken!\" \/>\n<meta name=\"twitter:image\" content=\"https:\/\/www.guus4ever.com\/wp-content\/uploads\/2023\/06\/Martina-Guus-Reinartz.jpg\" \/>\n<meta name=\"twitter:label1\" content=\"Gesch\u00e4tzte Lesezeit\" \/>\n\t<meta name=\"twitter:data1\" content=\"1\u00a0Minute\" \/>\n<script type=\"application\/ld+json\" class=\"yoast-schema-graph\">{\"@context\":\"https:\/\/schema.org\",\"@graph\":[{\"@type\":\"WebPage\",\"@id\":\"https:\/\/www.guus4ever.com\/de\/home\/\",\"url\":\"https:\/\/www.guus4ever.com\/de\/home\/\",\"name\":\"Home - Guus4ever Guus Reinartz\",\"isPartOf\":{\"@id\":\"https:\/\/www.guus4ever.com\/de\/#website\"},\"datePublished\":\"2015-12-17T10:29:25+00:00\",\"dateModified\":\"2024-07-02T10:46:56+00:00\",\"description\":\"Martina und Guus Reinartz, Fotografenehepaar wohnhaft in Landgraaf in den Niederlanden. Begeisterte Fotografen mit Hingabe zum Detail.\",\"breadcrumb\":{\"@id\":\"https:\/\/www.guus4ever.com\/de\/home\/#breadcrumb\"},\"inLanguage\":\"de\",\"potentialAction\":[{\"@type\":\"ReadAction\",\"target\":[\"https:\/\/www.guus4ever.com\/de\/home\/\"]}]},{\"@type\":\"BreadcrumbList\",\"@id\":\"https:\/\/www.guus4ever.com\/de\/home\/#breadcrumb\",\"itemListElement\":[{\"@type\":\"ListItem\",\"position\":1,\"name\":\"Home\",\"item\":\"https:\/\/www.guus4ever.com\/de\/home\/\"},{\"@type\":\"ListItem\",\"position\":2,\"name\":\"Home\"}]},{\"@type\":\"WebSite\",\"@id\":\"https:\/\/www.guus4ever.com\/de\/#website\",\"url\":\"https:\/\/www.guus4ever.com\/de\/\",\"name\":\"Guus4ever\",\"description\":\"Fotografie &amp; Multivision Shows Martina &amp; Guus Reinartz, Landgraaf\",\"alternateName\":\"Guus Reinartz\",\"potentialAction\":[{\"@type\":\"SearchAction\",\"target\":{\"@type\":\"EntryPoint\",\"urlTemplate\":\"https:\/\/www.guus4ever.com\/de\/?s={search_term_string}\"},\"query-input\":\"required name=search_term_string\"}],\"inLanguage\":\"de\"}]}<\/script>\n<!-- \/ Yoast SEO plugin. -->","yoast_head_json":{"title":"Home - Guus4ever Guus Reinartz","description":"Martina und Guus Reinartz, Fotografenehepaar wohnhaft in Landgraaf in den Niederlanden. Begeisterte Fotografen mit Hingabe zum Detail.","robots":{"index":"index","follow":"follow","max-snippet":"max-snippet:-1","max-image-preview":"max-image-preview:large","max-video-preview":"max-video-preview:-1"},"canonical":"https:\/\/www.guus4ever.com\/de\/home\/","og_locale":"de_DE","og_type":"article","og_title":"Fotografie Martina & Guus Reinartz","og_description":"Fotografie is voor ons de visuele uitdrukking van onze gevoelens. We voelen ons als impressionisten, want we willen met grote zintuiglijke ontvankelijkheid de indruk en sfeer van \u00e9\u00e9n enkel moment weergeven. Ook willen we een open oog hebben voor de werking van het zonlicht en de kleinste nuances van de werkelijkheid. De natuur, de mens en de cultuur (en zeker in Limburg) zijn daarbij onze belangrijkste inspiratiebronnen. Er ontstaat dan een wisselwerking tussen ons en onze onderwerpen, waardoor we een enorme dosis energie krijgen. Dan zijn we blij dat we het \u00fcberhaupt mogen doen en dat we er zo intens van kunnen genieten! Te ervaren dat het bekijken van onze beelden anderen plezier brengt en op momenten ook nog tot een stuk eigen creativiteit aanzet, is \u00e8n een bevestiging van een activiteit die we bijzonder fijn vinden, \u00e8n een stimulans om telkens nieuwe uitdagingen te blijven zoeken!","og_url":"https:\/\/www.guus4ever.com\/de\/home\/","og_site_name":"Guus4ever","article_publisher":"https:\/\/www.facebook.com\/Guus.Reinartz\/","article_modified_time":"2024-07-02T10:46:56+00:00","og_image":[{"width":2560,"height":1700,"url":"https:\/\/www.guus4ever.com\/wp-content\/uploads\/2023\/06\/Martina-Guus-Reinartz.jpg","type":"image\/jpeg"}],"twitter_card":"summary_large_image","twitter_title":"Fotografie Martina & Guus Reinartz","twitter_description":"Fotografie is voor ons de visuele uitdrukking van onze gevoelens. We voelen ons als impressionisten, want we willen met grote zintuiglijke ontvankelijkheid de indruk en sfeer van \u00e9\u00e9n enkel moment weergeven. Ook willen we een open oog hebben voor de werking van het zonlicht en de kleinste nuances van de werkelijkheid. De natuur, de mens en de cultuur (en zeker in Limburg) zijn daarbij onze belangrijkste inspiratiebronnen. Er ontstaat dan een wisselwerking tussen ons en onze onderwerpen, waardoor we een enorme dosis energie krijgen. Dan zijn we blij dat we het \u00fcberhaupt mogen doen en dat we er zo intens van kunnen genieten! Te ervaren dat het bekijken van onze beelden anderen plezier brengt en op momenten ook nog tot een stuk eigen creativiteit aanzet, is \u00e8n een bevestiging van een activiteit die we bijzonder fijn vinden, \u00e8n een stimulans om telkens nieuwe uitdagingen te blijven zoeken!","twitter_image":"https:\/\/www.guus4ever.com\/wp-content\/uploads\/2023\/06\/Martina-Guus-Reinartz.jpg","twitter_misc":{"Gesch\u00e4tzte Lesezeit":"1\u00a0Minute"},"schema":{"@context":"https:\/\/schema.org","@graph":[{"@type":"WebPage","@id":"https:\/\/www.guus4ever.com\/de\/home\/","url":"https:\/\/www.guus4ever.com\/de\/home\/","name":"Home - Guus4ever Guus Reinartz","isPartOf":{"@id":"https:\/\/www.guus4ever.com\/de\/#website"},"datePublished":"2015-12-17T10:29:25+00:00","dateModified":"2024-07-02T10:46:56+00:00","description":"Martina und Guus Reinartz, Fotografenehepaar wohnhaft in Landgraaf in den Niederlanden. Begeisterte Fotografen mit Hingabe zum Detail.","breadcrumb":{"@id":"https:\/\/www.guus4ever.com\/de\/home\/#breadcrumb"},"inLanguage":"de","potentialAction":[{"@type":"ReadAction","target":["https:\/\/www.guus4ever.com\/de\/home\/"]}]},{"@type":"BreadcrumbList","@id":"https:\/\/www.guus4ever.com\/de\/home\/#breadcrumb","itemListElement":[{"@type":"ListItem","position":1,"name":"Home","item":"https:\/\/www.guus4ever.com\/de\/home\/"},{"@type":"ListItem","position":2,"name":"Home"}]},{"@type":"WebSite","@id":"https:\/\/www.guus4ever.com\/de\/#website","url":"https:\/\/www.guus4ever.com\/de\/","name":"Guus4ever","description":"Fotografie &amp; Multivision Shows Martina &amp; Guus Reinartz, Landgraaf","alternateName":"Guus Reinartz","potentialAction":[{"@type":"SearchAction","target":{"@type":"EntryPoint","urlTemplate":"https:\/\/www.guus4ever.com\/de\/?s={search_term_string}"},"query-input":"required name=search_term_string"}],"inLanguage":"de"}]}},"amp_enabled":false,"_links":{"self":[{"href":"https:\/\/www.guus4ever.com\/de\/wp-json\/wp\/v2\/pages\/17\/"}],"collection":[{"href":"https:\/\/www.guus4ever.com\/de\/wp-json\/wp\/v2\/pages\/"}],"about":[{"href":"https:\/\/www.guus4ever.com\/de\/wp-json\/wp\/v2\/types\/page\/"}],"author":[{"embeddable":true,"href":"https:\/\/www.guus4ever.com\/de\/wp-json\/wp\/v2\/users\/1\/"}],"replies":[{"embeddable":true,"href":"https:\/\/www.guus4ever.com\/de\/wp-json\/wp\/v2\/comments\/?post=17"}],"version-history":[{"count":15,"href":"https:\/\/www.guus4ever.com\/de\/wp-json\/wp\/v2\/pages\/17\/revisions\/"}],"predecessor-version":[{"id":3639,"href":"https:\/\/www.guus4ever.com\/de\/wp-json\/wp\/v2\/pages\/17\/revisions\/3639\/"}],"wp:attachment":[{"href":"https:\/\/www.guus4ever.com\/de\/wp-json\/wp\/v2\/media\/?parent=17"}],"curies":[{"name":"wp","href":"https:\/\/api.w.org\/{rel}","templated":true}]}}