{"id":3900,"date":"2021-08-19T14:16:36","date_gmt":"2021-08-19T13:16:36","guid":{"rendered":"http:\/\/www.guus4ever.com\/?page_id=3900"},"modified":"2024-04-26T21:55:20","modified_gmt":"2024-04-26T20:55:20","slug":"die-goehl-von-der-quelle-bis-zur-muendung","status":"publish","type":"page","link":"https:\/\/www.guus4ever.com\/de\/foto-arbeiten\/die-goehl-von-der-quelle-bis-zur-muendung\/","title":{"rendered":"Buch Die G\u00f6hl &#8211; von der Quelle bis zur M\u00fcndung"},"content":{"rendered":"<p style=\"text-align: justify;\">In diesem Buch gehen wir auf eine verzaubernde Reise entlang der G\u00f6hl, dem eigenwilligsten Fluss der Grenzregion von Belgien und S\u00fcdlimburg. Wir haben uns f\u00fcr den Fu\u00dfweg entschieden, denn der bietet eine wunderbare Gelegenheit, alle Facetten des G\u00f6hltals zu entdecken. Eine Facette ist die sch\u00f6ne Natur, die andere die kulturellen Sch\u00e4tze &#8211; von den Menschen geschaffen und in die Natur eingebettet. Im belgischen Dorf Lichtenbusch, an der Grenze zu Deutschland, entspringt die G\u00f6hl im Keller eines Bauernhofes. Im weiten Umkreis sprudelt hier das Wasser aus dem Boden. Nach einem 56 km langen Weg, von dem 20 km durch Belgien und 36 km durch das niederl\u00e4ndische Limburg f\u00fchren, m\u00fcndet die G\u00f6hl n\u00f6rdlich von Maastricht in der N\u00e4he des Weilers Voulwames in die Maas. Ihr Einzugsgebiet hat seine ganz eigene Identit\u00e4t und kann zu Recht als \u201eInternational\u201c bezeichnet werden. Folgt man den M\u00e4andern der G\u00f6hl, erlebt man eine unglaubliche Vielfalt der Dialekte, nahezu so zahlreich wie die Angebote aus landschaftlicher Eleganz und kulturellen Reicht\u00fcmern. Entlang der G\u00f6hl entdeckt man eine Reihe von Zufl\u00fcssen und Seitenb\u00e4chen, die in ihrer Fauna und Flora einzigartig sind und nicht atemberaubender sein k\u00f6nnen. Als leidenschaftliche Fotografen haben wir all unsere Liebe und Begeisterung in dieses Buch gesteckt: Wir folgten der stimmungsvollen G\u00f6hl nicht nur mit unserer Kamera und unseren Augen &#8211; sondern auch mit dem Herzen! Das Buch ist in niederl\u00e4ndisch, deutsch, franz\u00f6sisch und englisch geschrieben. Einige Seiten aus dem Buch:<div class=\"_3d-flip-book  fb3d-fullscreen-mode full-size\" data-id=\"4174\" data-mode=\"fullscreen\" data-title=\"false\" data-template=\"short-white-book-view\" data-lightbox=\"dark-shadow\" data-urlparam=\"fb3d-page\" data-page-n=\"0\" data-pdf=\"\" data-tax=\"null\" data-thumbnail=\"\" data-cols=\"3\" data-book-template=\"default\" data-trigger=\"\"><\/div><script type=\"text\/javascript\">window.FB3D_CLIENT_DATA = window.FB3D_CLIENT_DATA || [];FB3D_CLIENT_DATA.push('eyJwb3N0cyI6W10sInBhZ2VzIjpbXSwiZmlyc3RQYWdlcyI6W119');window.FB3D_CLIENT_LOCALE && FB3D_CLIENT_LOCALE.render && FB3D_CLIENT_LOCALE.render();<\/script>&nbsp;<a href=\"https:\/\/www.guus4ever.com\/de\/kontakt\/\">Sie k\u00f6nnen hier das Buch bestellen.<\/a><\/p>\n<p>&nbsp;<\/p>\n","protected":false},"excerpt":{"rendered":"<p>In diesem Buch gehen wir auf eine verzaubernde Reise entlang der G\u00f6hl, dem eigenwilligsten Fluss der Grenzregion von Belgien und S\u00fcdlimburg. Wir haben uns f\u00fcr den Fu\u00dfweg entschieden, denn der bietet eine wunderbare Gelegenheit, alle Facetten des G\u00f6hltals zu entdecken. &hellip; <a href=\"https:\/\/www.guus4ever.com\/de\/foto-arbeiten\/die-goehl-von-der-quelle-bis-zur-muendung\/\">Weiterlesen<\/a><\/p>\n","protected":false},"author":2,"featured_media":3897,"parent":783,"menu_order":0,"comment_status":"closed","ping_status":"closed","template":"","meta":{"kt_blocks_editor_width":"","ngg_post_thumbnail":0,"footnotes":""},"class_list":["post-3900","page","type-page","status-publish","has-post-thumbnail","hentry"],"yoast_head":"<!-- This site is optimized with the Yoast SEO plugin v23.0 - https:\/\/yoast.com\/wordpress\/plugins\/seo\/ -->\n<title>Buch Die G\u00f6hl - von der Quelle bis zur M\u00fcndung - Guus4ever<\/title>\n<meta name=\"robots\" content=\"index, follow, max-snippet:-1, max-image-preview:large, max-video-preview:-1\" \/>\n<link rel=\"canonical\" href=\"https:\/\/www.guus4ever.com\/de\/foto-arbeiten\/die-goehl-von-der-quelle-bis-zur-muendung\/\" \/>\n<meta property=\"og:locale\" content=\"de_DE\" \/>\n<meta property=\"og:type\" content=\"article\" \/>\n<meta property=\"og:title\" content=\"Buch Die G\u00f6hl - von der Quelle bis zur M\u00fcndung - Guus4ever\" \/>\n<meta property=\"og:description\" content=\"In diesem Buch gehen wir auf eine verzaubernde Reise entlang der G\u00f6hl, dem eigenwilligsten Fluss der Grenzregion von Belgien und S\u00fcdlimburg. Wir haben uns f\u00fcr den Fu\u00dfweg entschieden, denn der bietet eine wunderbare Gelegenheit, alle Facetten des G\u00f6hltals zu entdecken. &hellip; Weiterlesen\" \/>\n<meta property=\"og:url\" content=\"https:\/\/www.guus4ever.com\/de\/foto-arbeiten\/die-goehl-von-der-quelle-bis-zur-muendung\/\" \/>\n<meta property=\"og:site_name\" content=\"Guus4ever\" \/>\n<meta property=\"article:publisher\" content=\"https:\/\/www.facebook.com\/Guus.Reinartz\/\" \/>\n<meta property=\"article:modified_time\" content=\"2024-04-26T20:55:20+00:00\" \/>\n<meta property=\"og:image\" content=\"https:\/\/www.guus4ever.com\/wp-content\/uploads\/2021\/08\/BoekGeul3DTransPNG-1024x724.png\" \/>\n\t<meta property=\"og:image:width\" content=\"1024\" \/>\n\t<meta property=\"og:image:height\" content=\"724\" \/>\n\t<meta property=\"og:image:type\" content=\"image\/png\" \/>\n<meta name=\"twitter:card\" content=\"summary_large_image\" \/>\n<meta name=\"twitter:label1\" content=\"Gesch\u00e4tzte Lesezeit\" \/>\n\t<meta name=\"twitter:data1\" content=\"2\u00a0Minuten\" \/>\n<script type=\"application\/ld+json\" class=\"yoast-schema-graph\">{\"@context\":\"https:\/\/schema.org\",\"@graph\":[{\"@type\":\"WebPage\",\"@id\":\"https:\/\/www.guus4ever.com\/de\/foto-arbeiten\/die-goehl-von-der-quelle-bis-zur-muendung\/\",\"url\":\"https:\/\/www.guus4ever.com\/de\/foto-arbeiten\/die-goehl-von-der-quelle-bis-zur-muendung\/\",\"name\":\"Buch Die G\u00f6hl - von der Quelle bis zur M\u00fcndung - Guus4ever\",\"isPartOf\":{\"@id\":\"https:\/\/www.guus4ever.com\/de\/#website\"},\"primaryImageOfPage\":{\"@id\":\"https:\/\/www.guus4ever.com\/de\/foto-arbeiten\/die-goehl-von-der-quelle-bis-zur-muendung\/#primaryimage\"},\"image\":{\"@id\":\"https:\/\/www.guus4ever.com\/de\/foto-arbeiten\/die-goehl-von-der-quelle-bis-zur-muendung\/#primaryimage\"},\"thumbnailUrl\":\"https:\/\/www.guus4ever.com\/wp-content\/uploads\/2021\/08\/BoekGeul3DTransPNG.png\",\"datePublished\":\"2021-08-19T13:16:36+00:00\",\"dateModified\":\"2024-04-26T20:55:20+00:00\",\"breadcrumb\":{\"@id\":\"https:\/\/www.guus4ever.com\/de\/foto-arbeiten\/die-goehl-von-der-quelle-bis-zur-muendung\/#breadcrumb\"},\"inLanguage\":\"de\",\"potentialAction\":[{\"@type\":\"ReadAction\",\"target\":[\"https:\/\/www.guus4ever.com\/de\/foto-arbeiten\/die-goehl-von-der-quelle-bis-zur-muendung\/\"]}]},{\"@type\":\"ImageObject\",\"inLanguage\":\"de\",\"@id\":\"https:\/\/www.guus4ever.com\/de\/foto-arbeiten\/die-goehl-von-der-quelle-bis-zur-muendung\/#primaryimage\",\"url\":\"https:\/\/www.guus4ever.com\/wp-content\/uploads\/2021\/08\/BoekGeul3DTransPNG.png\",\"contentUrl\":\"https:\/\/www.guus4ever.com\/wp-content\/uploads\/2021\/08\/BoekGeul3DTransPNG.png\",\"width\":3508,\"height\":2480,\"caption\":\"Boek De Guel\"},{\"@type\":\"BreadcrumbList\",\"@id\":\"https:\/\/www.guus4ever.com\/de\/foto-arbeiten\/die-goehl-von-der-quelle-bis-zur-muendung\/#breadcrumb\",\"itemListElement\":[{\"@type\":\"ListItem\",\"position\":1,\"name\":\"Home\",\"item\":\"https:\/\/www.guus4ever.com\/de\/home\/\"},{\"@type\":\"ListItem\",\"position\":2,\"name\":\"Fotoarbeiten\",\"item\":\"https:\/\/www.guus4ever.com\/de\/foto-arbeiten\/\"},{\"@type\":\"ListItem\",\"position\":3,\"name\":\"Buch Die G\u00f6hl &#8211; von der Quelle bis zur M\u00fcndung\"}]},{\"@type\":\"WebSite\",\"@id\":\"https:\/\/www.guus4ever.com\/de\/#website\",\"url\":\"https:\/\/www.guus4ever.com\/de\/\",\"name\":\"Guus4ever\",\"description\":\"Fotografie &amp; Multivision Shows Martina &amp; Guus Reinartz, Landgraaf\",\"alternateName\":\"Guus Reinartz\",\"potentialAction\":[{\"@type\":\"SearchAction\",\"target\":{\"@type\":\"EntryPoint\",\"urlTemplate\":\"https:\/\/www.guus4ever.com\/de\/?s={search_term_string}\"},\"query-input\":\"required name=search_term_string\"}],\"inLanguage\":\"de\"}]}<\/script>\n<!-- \/ Yoast SEO plugin. -->","yoast_head_json":{"title":"Buch Die G\u00f6hl - von der Quelle bis zur M\u00fcndung - Guus4ever","robots":{"index":"index","follow":"follow","max-snippet":"max-snippet:-1","max-image-preview":"max-image-preview:large","max-video-preview":"max-video-preview:-1"},"canonical":"https:\/\/www.guus4ever.com\/de\/foto-arbeiten\/die-goehl-von-der-quelle-bis-zur-muendung\/","og_locale":"de_DE","og_type":"article","og_title":"Buch Die G\u00f6hl - von der Quelle bis zur M\u00fcndung - Guus4ever","og_description":"In diesem Buch gehen wir auf eine verzaubernde Reise entlang der G\u00f6hl, dem eigenwilligsten Fluss der Grenzregion von Belgien und S\u00fcdlimburg. Wir haben uns f\u00fcr den Fu\u00dfweg entschieden, denn der bietet eine wunderbare Gelegenheit, alle Facetten des G\u00f6hltals zu entdecken. &hellip; Weiterlesen","og_url":"https:\/\/www.guus4ever.com\/de\/foto-arbeiten\/die-goehl-von-der-quelle-bis-zur-muendung\/","og_site_name":"Guus4ever","article_publisher":"https:\/\/www.facebook.com\/Guus.Reinartz\/","article_modified_time":"2024-04-26T20:55:20+00:00","og_image":[{"width":1024,"height":724,"url":"https:\/\/www.guus4ever.com\/wp-content\/uploads\/2021\/08\/BoekGeul3DTransPNG-1024x724.png","type":"image\/png"}],"twitter_card":"summary_large_image","twitter_misc":{"Gesch\u00e4tzte Lesezeit":"2\u00a0Minuten"},"schema":{"@context":"https:\/\/schema.org","@graph":[{"@type":"WebPage","@id":"https:\/\/www.guus4ever.com\/de\/foto-arbeiten\/die-goehl-von-der-quelle-bis-zur-muendung\/","url":"https:\/\/www.guus4ever.com\/de\/foto-arbeiten\/die-goehl-von-der-quelle-bis-zur-muendung\/","name":"Buch Die G\u00f6hl - von der Quelle bis zur M\u00fcndung - Guus4ever","isPartOf":{"@id":"https:\/\/www.guus4ever.com\/de\/#website"},"primaryImageOfPage":{"@id":"https:\/\/www.guus4ever.com\/de\/foto-arbeiten\/die-goehl-von-der-quelle-bis-zur-muendung\/#primaryimage"},"image":{"@id":"https:\/\/www.guus4ever.com\/de\/foto-arbeiten\/die-goehl-von-der-quelle-bis-zur-muendung\/#primaryimage"},"thumbnailUrl":"https:\/\/www.guus4ever.com\/wp-content\/uploads\/2021\/08\/BoekGeul3DTransPNG.png","datePublished":"2021-08-19T13:16:36+00:00","dateModified":"2024-04-26T20:55:20+00:00","breadcrumb":{"@id":"https:\/\/www.guus4ever.com\/de\/foto-arbeiten\/die-goehl-von-der-quelle-bis-zur-muendung\/#breadcrumb"},"inLanguage":"de","potentialAction":[{"@type":"ReadAction","target":["https:\/\/www.guus4ever.com\/de\/foto-arbeiten\/die-goehl-von-der-quelle-bis-zur-muendung\/"]}]},{"@type":"ImageObject","inLanguage":"de","@id":"https:\/\/www.guus4ever.com\/de\/foto-arbeiten\/die-goehl-von-der-quelle-bis-zur-muendung\/#primaryimage","url":"https:\/\/www.guus4ever.com\/wp-content\/uploads\/2021\/08\/BoekGeul3DTransPNG.png","contentUrl":"https:\/\/www.guus4ever.com\/wp-content\/uploads\/2021\/08\/BoekGeul3DTransPNG.png","width":3508,"height":2480,"caption":"Boek De Guel"},{"@type":"BreadcrumbList","@id":"https:\/\/www.guus4ever.com\/de\/foto-arbeiten\/die-goehl-von-der-quelle-bis-zur-muendung\/#breadcrumb","itemListElement":[{"@type":"ListItem","position":1,"name":"Home","item":"https:\/\/www.guus4ever.com\/de\/home\/"},{"@type":"ListItem","position":2,"name":"Fotoarbeiten","item":"https:\/\/www.guus4ever.com\/de\/foto-arbeiten\/"},{"@type":"ListItem","position":3,"name":"Buch Die G\u00f6hl &#8211; von der Quelle bis zur M\u00fcndung"}]},{"@type":"WebSite","@id":"https:\/\/www.guus4ever.com\/de\/#website","url":"https:\/\/www.guus4ever.com\/de\/","name":"Guus4ever","description":"Fotografie &amp; Multivision Shows Martina &amp; Guus Reinartz, Landgraaf","alternateName":"Guus Reinartz","potentialAction":[{"@type":"SearchAction","target":{"@type":"EntryPoint","urlTemplate":"https:\/\/www.guus4ever.com\/de\/?s={search_term_string}"},"query-input":"required name=search_term_string"}],"inLanguage":"de"}]}},"amp_enabled":true,"_links":{"self":[{"href":"https:\/\/www.guus4ever.com\/de\/wp-json\/wp\/v2\/pages\/3900\/"}],"collection":[{"href":"https:\/\/www.guus4ever.com\/de\/wp-json\/wp\/v2\/pages\/"}],"about":[{"href":"https:\/\/www.guus4ever.com\/de\/wp-json\/wp\/v2\/types\/page\/"}],"author":[{"embeddable":true,"href":"https:\/\/www.guus4ever.com\/de\/wp-json\/wp\/v2\/users\/2\/"}],"replies":[{"embeddable":true,"href":"https:\/\/www.guus4ever.com\/de\/wp-json\/wp\/v2\/comments\/?post=3900"}],"version-history":[{"count":13,"href":"https:\/\/www.guus4ever.com\/de\/wp-json\/wp\/v2\/pages\/3900\/revisions\/"}],"predecessor-version":[{"id":4250,"href":"https:\/\/www.guus4ever.com\/de\/wp-json\/wp\/v2\/pages\/3900\/revisions\/4250\/"}],"up":[{"embeddable":true,"href":"https:\/\/www.guus4ever.com\/de\/wp-json\/wp\/v2\/pages\/783\/"}],"wp:featuredmedia":[{"embeddable":true,"href":"https:\/\/www.guus4ever.com\/de\/wp-json\/wp\/v2\/media\/3897\/"}],"wp:attachment":[{"href":"https:\/\/www.guus4ever.com\/de\/wp-json\/wp\/v2\/media\/?parent=3900"}],"curies":[{"name":"wp","href":"https:\/\/api.w.org\/{rel}","templated":true}]}}