{"id":758,"date":"2017-12-18T13:26:02","date_gmt":"2017-12-18T12:26:02","guid":{"rendered":"http:\/\/www.guus4ever.com\/?page_id=758&#038;lang=de"},"modified":"2024-07-02T11:33:28","modified_gmt":"2024-07-02T10:33:28","slug":"buech-sued-limburg-im-gegenlicht","status":"publish","type":"page","link":"https:\/\/www.guus4ever.com\/de\/foto-arbeiten\/buech-sued-limburg-im-gegenlicht\/","title":{"rendered":"Buch S\u00fcd-Limburg &#8211; vier Jahreszeiten im Gegenlicht"},"content":{"rendered":"<p>Einige Impressionen aus dem Buch <div class=\"_3d-flip-book  fb3d-fullscreen-mode full-size\" data-id=\"4210\" data-mode=\"fullscreen\" data-title=\"false\" data-template=\"short-white-book-view\" data-lightbox=\"dark-shadow\" data-urlparam=\"fb3d-page\" data-page-n=\"0\" data-pdf=\"\" data-tax=\"null\" data-thumbnail=\"\" data-cols=\"3\" data-book-template=\"default\" data-trigger=\"\"><\/div><script type=\"text\/javascript\">window.FB3D_CLIENT_DATA = window.FB3D_CLIENT_DATA || [];FB3D_CLIENT_DATA.push('eyJwb3N0cyI6W10sInBhZ2VzIjpbXSwiZmlyc3RQYWdlcyI6W119');window.FB3D_CLIENT_LOCALE && FB3D_CLIENT_LOCALE.render && FB3D_CLIENT_LOCALE.render();<\/script><span style=\"text-align: justify;\">Seit meiner Kindheit habe ich mich f\u00fcr die sch\u00f6pferische Kraft der Fotografie interessiert.&nbsp;Die Herausgabe eines Fotobuches \u00fcber meine Heimat ist f\u00fcr mich ein lang ersehnter Jungentraum.&nbsp;In meinem Buch \u201cS\u00fcd-Limburg im Gegenlicht\u201d bin ich auf der Suche nach dem Lichteinfall, der die Landschaft extra sch\u00f6n macht. Ich versuche dann mit dem Licht zu malen.&nbsp;Dank des Realismus meiner Kamera brauche ich keine Spielereien, um einen bestimmten Effekt zu erhaschen.&nbsp;Die Kamera sieht die Dinge, so wie ich sie sehe und so kann ich meine Gedanken visuell wiedergeben.&nbsp;Es ist f\u00fcr mich wunderbar, um Limburg in fast allen Momenten des Jahres bei Tag und Nacht zu beobachten, auf die Stellung der Sonne, das sich st\u00e4ndig ver\u00e4ndernde Licht und den Wechsel der Jahreszeiten zu achten. Die einzige Regelm\u00e4\u00dfigkeit in der Natur ist die \u00fcberw\u00e4ltigende Reihe von \u00c4nderungen.&nbsp;Ich bin dabei stets auf Suche nach Einfachheit und Ausgeglichenheit. Mein Ziel ist es Limburg mit seiner eigenen Kultur und Natur in seiner unendlichen Vielfalt zu zeigen. Details sind f\u00fcr mich unersch\u00f6pfliche Quellen, mit ihren Formen, Ideen und Farben.&nbsp;In mir ist das Bed\u00fcrfnis, um f\u00fcr die Sch\u00f6nheit der Landschaft aufzukommen. Dar\u00fcber hinaus versuche ich, mit meinen Bildern, dass die Menschen sich bewusst machen, wie wichtig es ist, Natur und Kultur dieser Region zu f\u00f6rdern und sie zu (be-)sch\u00fctzen.&nbsp;<\/span><strong style=\"text-align: justify;\">Das Buch ist in 4 Sprachen erschienen: Niederl\u00e4ndisch, Deutsch, Englisch und Limburgisch. <\/strong><\/p>\n<p>&nbsp;<\/p>\n<p>&nbsp;<\/p>\n","protected":false},"excerpt":{"rendered":"<p>Einige Impressionen aus dem Buch Seit meiner Kindheit habe ich mich f\u00fcr die sch\u00f6pferische Kraft der Fotografie interessiert.&nbsp;Die Herausgabe eines Fotobuches \u00fcber meine Heimat ist f\u00fcr mich ein lang ersehnter Jungentraum.&nbsp;In meinem Buch \u201cS\u00fcd-Limburg im Gegenlicht\u201d bin ich auf der &hellip; <a href=\"https:\/\/www.guus4ever.com\/de\/foto-arbeiten\/buech-sued-limburg-im-gegenlicht\/\">Weiterlesen<\/a><\/p>\n","protected":false},"author":1,"featured_media":4903,"parent":783,"menu_order":1,"comment_status":"closed","ping_status":"closed","template":"template-feature.php","meta":{"kt_blocks_editor_width":"","ngg_post_thumbnail":0,"footnotes":""},"class_list":["post-758","page","type-page","status-publish","has-post-thumbnail","hentry"],"yoast_head":"<!-- This site is optimized with the Yoast SEO plugin v23.0 - https:\/\/yoast.com\/wordpress\/plugins\/seo\/ -->\n<title>Buch S\u00fcd-Limburg - vier Jahreszeiten im Gegenlicht - Guus4ever<\/title>\n<meta name=\"robots\" content=\"index, follow, max-snippet:-1, max-image-preview:large, max-video-preview:-1\" \/>\n<link rel=\"canonical\" href=\"https:\/\/www.guus4ever.com\/de\/foto-arbeiten\/buech-sued-limburg-im-gegenlicht\/\" \/>\n<meta property=\"og:locale\" content=\"de_DE\" \/>\n<meta property=\"og:type\" content=\"article\" \/>\n<meta property=\"og:title\" content=\"Buch S\u00fcd-Limburg - vier Jahreszeiten im Gegenlicht - Guus4ever\" \/>\n<meta property=\"og:description\" content=\"Einige Impressionen aus dem Buch Seit meiner Kindheit habe ich mich f\u00fcr die sch\u00f6pferische Kraft der Fotografie interessiert.&nbsp;Die Herausgabe eines Fotobuches \u00fcber meine Heimat ist f\u00fcr mich ein lang ersehnter Jungentraum.&nbsp;In meinem Buch \u201cS\u00fcd-Limburg im Gegenlicht\u201d bin ich auf der &hellip; Weiterlesen\" \/>\n<meta property=\"og:url\" content=\"https:\/\/www.guus4ever.com\/de\/foto-arbeiten\/buech-sued-limburg-im-gegenlicht\/\" \/>\n<meta property=\"og:site_name\" content=\"Guus4ever\" \/>\n<meta property=\"article:publisher\" content=\"https:\/\/www.facebook.com\/Guus.Reinartz\/\" \/>\n<meta property=\"article:modified_time\" content=\"2024-07-02T10:33:28+00:00\" \/>\n<meta property=\"og:image\" content=\"https:\/\/www.guus4ever.com\/wp-content\/uploads\/2024\/06\/Boek-Limburg-3D-sold-out-Kopie-1-scaled.jpg\" \/>\n\t<meta property=\"og:image:width\" content=\"2560\" \/>\n\t<meta property=\"og:image:height\" content=\"1810\" \/>\n\t<meta property=\"og:image:type\" content=\"image\/jpeg\" \/>\n<meta name=\"twitter:card\" content=\"summary_large_image\" \/>\n<meta name=\"twitter:label1\" content=\"Gesch\u00e4tzte Lesezeit\" \/>\n\t<meta name=\"twitter:data1\" content=\"2\u00a0Minuten\" \/>\n<script type=\"application\/ld+json\" class=\"yoast-schema-graph\">{\"@context\":\"https:\/\/schema.org\",\"@graph\":[{\"@type\":\"WebPage\",\"@id\":\"https:\/\/www.guus4ever.com\/de\/foto-arbeiten\/buech-sued-limburg-im-gegenlicht\/\",\"url\":\"https:\/\/www.guus4ever.com\/de\/foto-arbeiten\/buech-sued-limburg-im-gegenlicht\/\",\"name\":\"Buch S\u00fcd-Limburg - vier Jahreszeiten im Gegenlicht - Guus4ever\",\"isPartOf\":{\"@id\":\"https:\/\/www.guus4ever.com\/de\/#website\"},\"primaryImageOfPage\":{\"@id\":\"https:\/\/www.guus4ever.com\/de\/foto-arbeiten\/buech-sued-limburg-im-gegenlicht\/#primaryimage\"},\"image\":{\"@id\":\"https:\/\/www.guus4ever.com\/de\/foto-arbeiten\/buech-sued-limburg-im-gegenlicht\/#primaryimage\"},\"thumbnailUrl\":\"https:\/\/www.guus4ever.com\/wp-content\/uploads\/2024\/06\/Boek-Limburg-3D-sold-out-Kopie-1-scaled.jpg\",\"datePublished\":\"2017-12-18T12:26:02+00:00\",\"dateModified\":\"2024-07-02T10:33:28+00:00\",\"breadcrumb\":{\"@id\":\"https:\/\/www.guus4ever.com\/de\/foto-arbeiten\/buech-sued-limburg-im-gegenlicht\/#breadcrumb\"},\"inLanguage\":\"de\",\"potentialAction\":[{\"@type\":\"ReadAction\",\"target\":[\"https:\/\/www.guus4ever.com\/de\/foto-arbeiten\/buech-sued-limburg-im-gegenlicht\/\"]}]},{\"@type\":\"ImageObject\",\"inLanguage\":\"de\",\"@id\":\"https:\/\/www.guus4ever.com\/de\/foto-arbeiten\/buech-sued-limburg-im-gegenlicht\/#primaryimage\",\"url\":\"https:\/\/www.guus4ever.com\/wp-content\/uploads\/2024\/06\/Boek-Limburg-3D-sold-out-Kopie-1-scaled.jpg\",\"contentUrl\":\"https:\/\/www.guus4ever.com\/wp-content\/uploads\/2024\/06\/Boek-Limburg-3D-sold-out-Kopie-1-scaled.jpg\",\"width\":2560,\"height\":1810},{\"@type\":\"BreadcrumbList\",\"@id\":\"https:\/\/www.guus4ever.com\/de\/foto-arbeiten\/buech-sued-limburg-im-gegenlicht\/#breadcrumb\",\"itemListElement\":[{\"@type\":\"ListItem\",\"position\":1,\"name\":\"Home\",\"item\":\"https:\/\/www.guus4ever.com\/de\/home\/\"},{\"@type\":\"ListItem\",\"position\":2,\"name\":\"Fotoarbeiten\",\"item\":\"https:\/\/www.guus4ever.com\/de\/foto-arbeiten\/\"},{\"@type\":\"ListItem\",\"position\":3,\"name\":\"Buch S\u00fcd-Limburg &#8211; vier Jahreszeiten im Gegenlicht\"}]},{\"@type\":\"WebSite\",\"@id\":\"https:\/\/www.guus4ever.com\/de\/#website\",\"url\":\"https:\/\/www.guus4ever.com\/de\/\",\"name\":\"Guus4ever\",\"description\":\"Fotografie &amp; Multivision Shows Martina &amp; Guus Reinartz, Landgraaf\",\"alternateName\":\"Guus Reinartz\",\"potentialAction\":[{\"@type\":\"SearchAction\",\"target\":{\"@type\":\"EntryPoint\",\"urlTemplate\":\"https:\/\/www.guus4ever.com\/de\/?s={search_term_string}\"},\"query-input\":\"required name=search_term_string\"}],\"inLanguage\":\"de\"}]}<\/script>\n<!-- \/ Yoast SEO plugin. -->","yoast_head_json":{"title":"Buch S\u00fcd-Limburg - vier Jahreszeiten im Gegenlicht - Guus4ever","robots":{"index":"index","follow":"follow","max-snippet":"max-snippet:-1","max-image-preview":"max-image-preview:large","max-video-preview":"max-video-preview:-1"},"canonical":"https:\/\/www.guus4ever.com\/de\/foto-arbeiten\/buech-sued-limburg-im-gegenlicht\/","og_locale":"de_DE","og_type":"article","og_title":"Buch S\u00fcd-Limburg - vier Jahreszeiten im Gegenlicht - Guus4ever","og_description":"Einige Impressionen aus dem Buch Seit meiner Kindheit habe ich mich f\u00fcr die sch\u00f6pferische Kraft der Fotografie interessiert.&nbsp;Die Herausgabe eines Fotobuches \u00fcber meine Heimat ist f\u00fcr mich ein lang ersehnter Jungentraum.&nbsp;In meinem Buch \u201cS\u00fcd-Limburg im Gegenlicht\u201d bin ich auf der &hellip; Weiterlesen","og_url":"https:\/\/www.guus4ever.com\/de\/foto-arbeiten\/buech-sued-limburg-im-gegenlicht\/","og_site_name":"Guus4ever","article_publisher":"https:\/\/www.facebook.com\/Guus.Reinartz\/","article_modified_time":"2024-07-02T10:33:28+00:00","og_image":[{"width":2560,"height":1810,"url":"https:\/\/www.guus4ever.com\/wp-content\/uploads\/2024\/06\/Boek-Limburg-3D-sold-out-Kopie-1-scaled.jpg","type":"image\/jpeg"}],"twitter_card":"summary_large_image","twitter_misc":{"Gesch\u00e4tzte Lesezeit":"2\u00a0Minuten"},"schema":{"@context":"https:\/\/schema.org","@graph":[{"@type":"WebPage","@id":"https:\/\/www.guus4ever.com\/de\/foto-arbeiten\/buech-sued-limburg-im-gegenlicht\/","url":"https:\/\/www.guus4ever.com\/de\/foto-arbeiten\/buech-sued-limburg-im-gegenlicht\/","name":"Buch S\u00fcd-Limburg - vier Jahreszeiten im Gegenlicht - Guus4ever","isPartOf":{"@id":"https:\/\/www.guus4ever.com\/de\/#website"},"primaryImageOfPage":{"@id":"https:\/\/www.guus4ever.com\/de\/foto-arbeiten\/buech-sued-limburg-im-gegenlicht\/#primaryimage"},"image":{"@id":"https:\/\/www.guus4ever.com\/de\/foto-arbeiten\/buech-sued-limburg-im-gegenlicht\/#primaryimage"},"thumbnailUrl":"https:\/\/www.guus4ever.com\/wp-content\/uploads\/2024\/06\/Boek-Limburg-3D-sold-out-Kopie-1-scaled.jpg","datePublished":"2017-12-18T12:26:02+00:00","dateModified":"2024-07-02T10:33:28+00:00","breadcrumb":{"@id":"https:\/\/www.guus4ever.com\/de\/foto-arbeiten\/buech-sued-limburg-im-gegenlicht\/#breadcrumb"},"inLanguage":"de","potentialAction":[{"@type":"ReadAction","target":["https:\/\/www.guus4ever.com\/de\/foto-arbeiten\/buech-sued-limburg-im-gegenlicht\/"]}]},{"@type":"ImageObject","inLanguage":"de","@id":"https:\/\/www.guus4ever.com\/de\/foto-arbeiten\/buech-sued-limburg-im-gegenlicht\/#primaryimage","url":"https:\/\/www.guus4ever.com\/wp-content\/uploads\/2024\/06\/Boek-Limburg-3D-sold-out-Kopie-1-scaled.jpg","contentUrl":"https:\/\/www.guus4ever.com\/wp-content\/uploads\/2024\/06\/Boek-Limburg-3D-sold-out-Kopie-1-scaled.jpg","width":2560,"height":1810},{"@type":"BreadcrumbList","@id":"https:\/\/www.guus4ever.com\/de\/foto-arbeiten\/buech-sued-limburg-im-gegenlicht\/#breadcrumb","itemListElement":[{"@type":"ListItem","position":1,"name":"Home","item":"https:\/\/www.guus4ever.com\/de\/home\/"},{"@type":"ListItem","position":2,"name":"Fotoarbeiten","item":"https:\/\/www.guus4ever.com\/de\/foto-arbeiten\/"},{"@type":"ListItem","position":3,"name":"Buch S\u00fcd-Limburg &#8211; vier Jahreszeiten im Gegenlicht"}]},{"@type":"WebSite","@id":"https:\/\/www.guus4ever.com\/de\/#website","url":"https:\/\/www.guus4ever.com\/de\/","name":"Guus4ever","description":"Fotografie &amp; Multivision Shows Martina &amp; Guus Reinartz, Landgraaf","alternateName":"Guus Reinartz","potentialAction":[{"@type":"SearchAction","target":{"@type":"EntryPoint","urlTemplate":"https:\/\/www.guus4ever.com\/de\/?s={search_term_string}"},"query-input":"required name=search_term_string"}],"inLanguage":"de"}]}},"amp_enabled":false,"_links":{"self":[{"href":"https:\/\/www.guus4ever.com\/de\/wp-json\/wp\/v2\/pages\/758\/"}],"collection":[{"href":"https:\/\/www.guus4ever.com\/de\/wp-json\/wp\/v2\/pages\/"}],"about":[{"href":"https:\/\/www.guus4ever.com\/de\/wp-json\/wp\/v2\/types\/page\/"}],"author":[{"embeddable":true,"href":"https:\/\/www.guus4ever.com\/de\/wp-json\/wp\/v2\/users\/1\/"}],"replies":[{"embeddable":true,"href":"https:\/\/www.guus4ever.com\/de\/wp-json\/wp\/v2\/comments\/?post=758"}],"version-history":[{"count":25,"href":"https:\/\/www.guus4ever.com\/de\/wp-json\/wp\/v2\/pages\/758\/revisions\/"}],"predecessor-version":[{"id":1316,"href":"https:\/\/www.guus4ever.com\/de\/wp-json\/wp\/v2\/pages\/758\/revisions\/1316\/"}],"up":[{"embeddable":true,"href":"https:\/\/www.guus4ever.com\/de\/wp-json\/wp\/v2\/pages\/783\/"}],"wp:featuredmedia":[{"embeddable":true,"href":"https:\/\/www.guus4ever.com\/de\/wp-json\/wp\/v2\/media\/4903\/"}],"wp:attachment":[{"href":"https:\/\/www.guus4ever.com\/de\/wp-json\/wp\/v2\/media\/?parent=758"}],"curies":[{"name":"wp","href":"https:\/\/api.w.org\/{rel}","templated":true}]}}