{"id":783,"date":"2015-12-18T13:38:26","date_gmt":"2015-12-18T12:38:26","guid":{"rendered":"http:\/\/www.guus4ever.com\/?page_id=783&#038;lang=de"},"modified":"2025-05-18T12:06:07","modified_gmt":"2025-05-18T11:06:07","slug":"foto-arbeiten","status":"publish","type":"page","link":"https:\/\/www.guus4ever.com\/de\/foto-arbeiten\/","title":{"rendered":"Fotoarbeiten"},"content":{"rendered":"<p>An erster Stelle sind wir visuell veranlagte Beobachter mit einer reichlichen Dosis Fototatkraft. Das hat wiederum mit unserer Neugierde und mit der Spannung zu tun, um Gedanken in (hoffentlich) fesselnde Bilder umzuwandeln. Mit unseren drei Bildb\u00e4nden, dem Geburtstagskalender und den Fotowunschkarten haben wir versucht, um von dem Allt\u00e4glichen, ohne jegliche Form von Manipulation (!), etwas besonderes zu machen. So ist Fotografie f\u00fcr uns eine prickelnde und atemberaubende Gef\u00fchlsempfindung, wobei wir unsere Faszination f\u00fcr Emotion und Stimmung bei dem Wechsel der Jahreszeiten &#8211;&nbsp;durch Worte erg\u00e4nzt &#8211; in Bildern \u00fcbertragen k\u00f6nnen. Fotografie ist f\u00fcr uns Gesp\u00fcr und Intensit\u00e4t: alles kann mit dem einen Bild auf den richtigen Platz landen.<\/p>\n<div class=\"row\"> <div class=\"col-md-3  \">\n<p><a href=\"https:\/\/www.guus4ever.com\/de\/foto-arbeiten\/buch-stubai-licht-in-den-bergen\/\"><img loading=\"lazy\" decoding=\"async\" class=\"alignnone size-medium wp-image-1177\" src=\"http:\/\/www.guus4ever.com\/wp-content\/uploads\/2016\/01\/Boek-Stubai-3D-300x212.jpg\" alt=\"Boek Stubai 3D\" width=\"300\" height=\"212\" srcset=\"https:\/\/www.guus4ever.com\/wp-content\/uploads\/2016\/01\/Boek-Stubai-3D-300x212.jpg 300w, https:\/\/www.guus4ever.com\/wp-content\/uploads\/2016\/01\/Boek-Stubai-3D-768x543.jpg 768w, https:\/\/www.guus4ever.com\/wp-content\/uploads\/2016\/01\/Boek-Stubai-3D-1024x724.jpg 1024w\" sizes=\"auto, (max-width: 300px) 100vw, 300px\" \/>Buch Stubai \u2013 Licht in den Bergen <\/a><\/p>\n<\/div><div class=\"col-md-3  \">\n<p><a href=\"http:\/\/www.guus4ever.com\/wp-content\/uploads\/2024\/06\/Boek-Limburg-3D-sold-out-Kopie-1-scaled.jpg\"><img loading=\"lazy\" decoding=\"async\" class=\"wp-image-4903 alignnone\" src=\"http:\/\/www.guus4ever.com\/wp-content\/uploads\/2024\/06\/Boek-Limburg-3D-sold-out-Kopie-1-1024x724.jpg\" alt=\"\" width=\"237\" height=\"168\" srcset=\"https:\/\/www.guus4ever.com\/wp-content\/uploads\/2024\/06\/Boek-Limburg-3D-sold-out-Kopie-1-1024x724.jpg 1024w, https:\/\/www.guus4ever.com\/wp-content\/uploads\/2024\/06\/Boek-Limburg-3D-sold-out-Kopie-1-300x212.jpg 300w, https:\/\/www.guus4ever.com\/wp-content\/uploads\/2024\/06\/Boek-Limburg-3D-sold-out-Kopie-1-768x543.jpg 768w, https:\/\/www.guus4ever.com\/wp-content\/uploads\/2024\/06\/Boek-Limburg-3D-sold-out-Kopie-1-1536x1086.jpg 1536w, https:\/\/www.guus4ever.com\/wp-content\/uploads\/2024\/06\/Boek-Limburg-3D-sold-out-Kopie-1-2048x1448.jpg 2048w, https:\/\/www.guus4ever.com\/wp-content\/uploads\/2024\/06\/Boek-Limburg-3D-sold-out-Kopie-1-scaled-740x524.jpg 740w, https:\/\/www.guus4ever.com\/wp-content\/uploads\/2024\/06\/Boek-Limburg-3D-sold-out-Kopie-1-scaled-370x262.jpg 370w\" sizes=\"auto, (max-width: 237px) 100vw, 237px\" \/><\/a><a href=\"https:\/\/www.guus4ever.com\/de\/foto-arbeiten\/buech-sued-limburg-im-gegenlicht\/\">Buch S\u00fcd-Limburg \u2013 vier Jahreszeiten im Gegenlicht<\/a><\/p>\n<\/div><div class=\"col-md-3  \">\n<p><a href=\"https:\/\/www.guus4ever.com\/de\/foto-arbeiten\/buch-die-provence-des-lavendels\/\"><img loading=\"lazy\" decoding=\"async\" class=\"alignnone size-medium wp-image-578\" src=\"http:\/\/www.guus4ever.com\/wp-content\/uploads\/2015\/12\/Boek-Provence-NL-liggend1-1-300x200.png\" alt=\"Boek-Provence-NL-liggend1\" width=\"300\" height=\"200\" srcset=\"https:\/\/www.guus4ever.com\/wp-content\/uploads\/2015\/12\/Boek-Provence-NL-liggend1-1-300x200.png 300w, https:\/\/www.guus4ever.com\/wp-content\/uploads\/2015\/12\/Boek-Provence-NL-liggend1-1-360x240.png 360w, https:\/\/www.guus4ever.com\/wp-content\/uploads\/2015\/12\/Boek-Provence-NL-liggend1-1-370x247.png 370w, https:\/\/www.guus4ever.com\/wp-content\/uploads\/2015\/12\/Boek-Provence-NL-liggend1-1.png 600w\" sizes=\"auto, (max-width: 300px) 100vw, 300px\" \/>Buch die Provence des Lavendels<\/a><\/p>\n<\/div><div class=\"col-md-3  \">\n<a href=\"https:\/\/www.guus4ever.com\/de\/foto-arbeiten\/die-goehl-von-der-quelle-bis-zur-muendung\/\"><img loading=\"lazy\" decoding=\"async\" class=\"wp-image-3897 size-medium\" src=\"http:\/\/www.guus4ever.com\/wp-content\/uploads\/2021\/08\/BoekGeul3DTransPNG-300x212.png\" alt=\"Boek De Guel\" width=\"300\" height=\"212\" srcset=\"https:\/\/www.guus4ever.com\/wp-content\/uploads\/2021\/08\/BoekGeul3DTransPNG-300x212.png 300w, https:\/\/www.guus4ever.com\/wp-content\/uploads\/2021\/08\/BoekGeul3DTransPNG-1024x724.png 1024w, https:\/\/www.guus4ever.com\/wp-content\/uploads\/2021\/08\/BoekGeul3DTransPNG-768x543.png 768w, https:\/\/www.guus4ever.com\/wp-content\/uploads\/2021\/08\/BoekGeul3DTransPNG-1536x1086.png 1536w, https:\/\/www.guus4ever.com\/wp-content\/uploads\/2021\/08\/BoekGeul3DTransPNG-2048x1448.png 2048w, https:\/\/www.guus4ever.com\/wp-content\/uploads\/2021\/08\/BoekGeul3DTransPNG-740x524.png 740w, https:\/\/www.guus4ever.com\/wp-content\/uploads\/2021\/08\/BoekGeul3DTransPNG-370x262.png 370w\" sizes=\"auto, (max-width: 300px) 100vw, 300px\" \/>Buch die G\u00f6hl von der Quelle bis zur M\u00fcndung<\/a><\/p>\n<\/div><a href=\"http:\/\/www.guus4ever.com\/wp-content\/uploads\/2025\/05\/Boek-Sudtirol-3Dwit-scaled.jpg\"><img loading=\"lazy\" decoding=\"async\" class=\"wp-image-5235 alignleft\" src=\"http:\/\/www.guus4ever.com\/wp-content\/uploads\/2025\/05\/Boek-Sudtirol-3Dwit-1024x724.jpg\" alt=\"\" width=\"323\" height=\"228\"><\/a><\/p>\n<p><a href=\"https:\/\/www.guus4ever.com\/de\/foto-arbeiten\/die-goehl-von-der-quelle-bis-zur-muendung\/\">Buch <\/a>S\u00fcdtirol<\/p>\n<\/div>\n","protected":false},"excerpt":{"rendered":"<p>An erster Stelle sind wir visuell veranlagte Beobachter mit einer reichlichen Dosis Fototatkraft. Das hat wiederum mit unserer Neugierde und mit der Spannung zu tun, um Gedanken in (hoffentlich) fesselnde Bilder umzuwandeln. Mit unseren drei Bildb\u00e4nden, dem Geburtstagskalender und den &hellip; <a href=\"https:\/\/www.guus4ever.com\/de\/foto-arbeiten\/\">Weiterlesen<\/a><\/p>\n","protected":false},"author":1,"featured_media":1246,"parent":0,"menu_order":4,"comment_status":"closed","ping_status":"closed","template":"","meta":{"kt_blocks_editor_width":"","ngg_post_thumbnail":0,"footnotes":""},"class_list":["post-783","page","type-page","status-publish","has-post-thumbnail","hentry"],"yoast_head":"<!-- This site is optimized with the Yoast SEO plugin v23.0 - https:\/\/yoast.com\/wordpress\/plugins\/seo\/ -->\n<title>Fotoarbeiten - Guus4ever<\/title>\n<meta name=\"robots\" content=\"index, follow, max-snippet:-1, max-image-preview:large, max-video-preview:-1\" \/>\n<link rel=\"canonical\" href=\"https:\/\/www.guus4ever.com\/de\/foto-arbeiten\/\" \/>\n<meta property=\"og:locale\" content=\"de_DE\" \/>\n<meta property=\"og:type\" content=\"article\" \/>\n<meta property=\"og:title\" content=\"Fotoarbeiten - Guus4ever\" \/>\n<meta property=\"og:description\" content=\"An erster Stelle sind wir visuell veranlagte Beobachter mit einer reichlichen Dosis Fototatkraft. Das hat wiederum mit unserer Neugierde und mit der Spannung zu tun, um Gedanken in (hoffentlich) fesselnde Bilder umzuwandeln. Mit unseren drei Bildb\u00e4nden, dem Geburtstagskalender und den &hellip; Weiterlesen\" \/>\n<meta property=\"og:url\" content=\"https:\/\/www.guus4ever.com\/de\/foto-arbeiten\/\" \/>\n<meta property=\"og:site_name\" content=\"Guus4ever\" \/>\n<meta property=\"article:publisher\" content=\"https:\/\/www.facebook.com\/Guus.Reinartz\/\" \/>\n<meta property=\"article:modified_time\" content=\"2025-05-18T11:06:07+00:00\" \/>\n<meta property=\"og:image\" content=\"http:\/\/www.guus4ever.com\/wp-content\/uploads\/2016\/02\/Sennes_Alm-1-.jpg\" \/>\n\t<meta property=\"og:image:width\" content=\"1280\" \/>\n\t<meta property=\"og:image:height\" content=\"395\" \/>\n\t<meta property=\"og:image:type\" content=\"image\/jpeg\" \/>\n<meta name=\"twitter:card\" content=\"summary_large_image\" \/>\n<meta name=\"twitter:label1\" content=\"Gesch\u00e4tzte Lesezeit\" \/>\n\t<meta name=\"twitter:data1\" content=\"2\u00a0Minuten\" \/>\n<script type=\"application\/ld+json\" class=\"yoast-schema-graph\">{\"@context\":\"https:\/\/schema.org\",\"@graph\":[{\"@type\":\"WebPage\",\"@id\":\"https:\/\/www.guus4ever.com\/de\/foto-arbeiten\/\",\"url\":\"https:\/\/www.guus4ever.com\/de\/foto-arbeiten\/\",\"name\":\"Fotoarbeiten - Guus4ever\",\"isPartOf\":{\"@id\":\"https:\/\/www.guus4ever.com\/de\/#website\"},\"primaryImageOfPage\":{\"@id\":\"https:\/\/www.guus4ever.com\/de\/foto-arbeiten\/#primaryimage\"},\"image\":{\"@id\":\"https:\/\/www.guus4ever.com\/de\/foto-arbeiten\/#primaryimage\"},\"thumbnailUrl\":\"https:\/\/www.guus4ever.com\/wp-content\/uploads\/2016\/02\/Sennes_Alm-1-.jpg\",\"datePublished\":\"2015-12-18T12:38:26+00:00\",\"dateModified\":\"2025-05-18T11:06:07+00:00\",\"breadcrumb\":{\"@id\":\"https:\/\/www.guus4ever.com\/de\/foto-arbeiten\/#breadcrumb\"},\"inLanguage\":\"de\",\"potentialAction\":[{\"@type\":\"ReadAction\",\"target\":[\"https:\/\/www.guus4ever.com\/de\/foto-arbeiten\/\"]}]},{\"@type\":\"ImageObject\",\"inLanguage\":\"de\",\"@id\":\"https:\/\/www.guus4ever.com\/de\/foto-arbeiten\/#primaryimage\",\"url\":\"https:\/\/www.guus4ever.com\/wp-content\/uploads\/2016\/02\/Sennes_Alm-1-.jpg\",\"contentUrl\":\"https:\/\/www.guus4ever.com\/wp-content\/uploads\/2016\/02\/Sennes_Alm-1-.jpg\",\"width\":1280,\"height\":395},{\"@type\":\"BreadcrumbList\",\"@id\":\"https:\/\/www.guus4ever.com\/de\/foto-arbeiten\/#breadcrumb\",\"itemListElement\":[{\"@type\":\"ListItem\",\"position\":1,\"name\":\"Home\",\"item\":\"https:\/\/www.guus4ever.com\/de\/home\/\"},{\"@type\":\"ListItem\",\"position\":2,\"name\":\"Fotoarbeiten\"}]},{\"@type\":\"WebSite\",\"@id\":\"https:\/\/www.guus4ever.com\/de\/#website\",\"url\":\"https:\/\/www.guus4ever.com\/de\/\",\"name\":\"Guus4ever\",\"description\":\"Fotografie &amp; Multivision Shows Martina &amp; Guus Reinartz, Landgraaf\",\"alternateName\":\"Guus Reinartz\",\"potentialAction\":[{\"@type\":\"SearchAction\",\"target\":{\"@type\":\"EntryPoint\",\"urlTemplate\":\"https:\/\/www.guus4ever.com\/de\/?s={search_term_string}\"},\"query-input\":\"required name=search_term_string\"}],\"inLanguage\":\"de\"}]}<\/script>\n<!-- \/ Yoast SEO plugin. -->","yoast_head_json":{"title":"Fotoarbeiten - Guus4ever","robots":{"index":"index","follow":"follow","max-snippet":"max-snippet:-1","max-image-preview":"max-image-preview:large","max-video-preview":"max-video-preview:-1"},"canonical":"https:\/\/www.guus4ever.com\/de\/foto-arbeiten\/","og_locale":"de_DE","og_type":"article","og_title":"Fotoarbeiten - Guus4ever","og_description":"An erster Stelle sind wir visuell veranlagte Beobachter mit einer reichlichen Dosis Fototatkraft. Das hat wiederum mit unserer Neugierde und mit der Spannung zu tun, um Gedanken in (hoffentlich) fesselnde Bilder umzuwandeln. Mit unseren drei Bildb\u00e4nden, dem Geburtstagskalender und den &hellip; Weiterlesen","og_url":"https:\/\/www.guus4ever.com\/de\/foto-arbeiten\/","og_site_name":"Guus4ever","article_publisher":"https:\/\/www.facebook.com\/Guus.Reinartz\/","article_modified_time":"2025-05-18T11:06:07+00:00","og_image":[{"width":1280,"height":395,"url":"http:\/\/www.guus4ever.com\/wp-content\/uploads\/2016\/02\/Sennes_Alm-1-.jpg","type":"image\/jpeg"}],"twitter_card":"summary_large_image","twitter_misc":{"Gesch\u00e4tzte Lesezeit":"2\u00a0Minuten"},"schema":{"@context":"https:\/\/schema.org","@graph":[{"@type":"WebPage","@id":"https:\/\/www.guus4ever.com\/de\/foto-arbeiten\/","url":"https:\/\/www.guus4ever.com\/de\/foto-arbeiten\/","name":"Fotoarbeiten - Guus4ever","isPartOf":{"@id":"https:\/\/www.guus4ever.com\/de\/#website"},"primaryImageOfPage":{"@id":"https:\/\/www.guus4ever.com\/de\/foto-arbeiten\/#primaryimage"},"image":{"@id":"https:\/\/www.guus4ever.com\/de\/foto-arbeiten\/#primaryimage"},"thumbnailUrl":"https:\/\/www.guus4ever.com\/wp-content\/uploads\/2016\/02\/Sennes_Alm-1-.jpg","datePublished":"2015-12-18T12:38:26+00:00","dateModified":"2025-05-18T11:06:07+00:00","breadcrumb":{"@id":"https:\/\/www.guus4ever.com\/de\/foto-arbeiten\/#breadcrumb"},"inLanguage":"de","potentialAction":[{"@type":"ReadAction","target":["https:\/\/www.guus4ever.com\/de\/foto-arbeiten\/"]}]},{"@type":"ImageObject","inLanguage":"de","@id":"https:\/\/www.guus4ever.com\/de\/foto-arbeiten\/#primaryimage","url":"https:\/\/www.guus4ever.com\/wp-content\/uploads\/2016\/02\/Sennes_Alm-1-.jpg","contentUrl":"https:\/\/www.guus4ever.com\/wp-content\/uploads\/2016\/02\/Sennes_Alm-1-.jpg","width":1280,"height":395},{"@type":"BreadcrumbList","@id":"https:\/\/www.guus4ever.com\/de\/foto-arbeiten\/#breadcrumb","itemListElement":[{"@type":"ListItem","position":1,"name":"Home","item":"https:\/\/www.guus4ever.com\/de\/home\/"},{"@type":"ListItem","position":2,"name":"Fotoarbeiten"}]},{"@type":"WebSite","@id":"https:\/\/www.guus4ever.com\/de\/#website","url":"https:\/\/www.guus4ever.com\/de\/","name":"Guus4ever","description":"Fotografie &amp; Multivision Shows Martina &amp; Guus Reinartz, Landgraaf","alternateName":"Guus Reinartz","potentialAction":[{"@type":"SearchAction","target":{"@type":"EntryPoint","urlTemplate":"https:\/\/www.guus4ever.com\/de\/?s={search_term_string}"},"query-input":"required name=search_term_string"}],"inLanguage":"de"}]}},"amp_enabled":true,"_links":{"self":[{"href":"https:\/\/www.guus4ever.com\/de\/wp-json\/wp\/v2\/pages\/783\/"}],"collection":[{"href":"https:\/\/www.guus4ever.com\/de\/wp-json\/wp\/v2\/pages\/"}],"about":[{"href":"https:\/\/www.guus4ever.com\/de\/wp-json\/wp\/v2\/types\/page\/"}],"author":[{"embeddable":true,"href":"https:\/\/www.guus4ever.com\/de\/wp-json\/wp\/v2\/users\/1\/"}],"replies":[{"embeddable":true,"href":"https:\/\/www.guus4ever.com\/de\/wp-json\/wp\/v2\/comments\/?post=783"}],"version-history":[{"count":19,"href":"https:\/\/www.guus4ever.com\/de\/wp-json\/wp\/v2\/pages\/783\/revisions\/"}],"predecessor-version":[{"id":5363,"href":"https:\/\/www.guus4ever.com\/de\/wp-json\/wp\/v2\/pages\/783\/revisions\/5363\/"}],"wp:featuredmedia":[{"embeddable":true,"href":"https:\/\/www.guus4ever.com\/de\/wp-json\/wp\/v2\/media\/1246\/"}],"wp:attachment":[{"href":"https:\/\/www.guus4ever.com\/de\/wp-json\/wp\/v2\/media\/?parent=783"}],"curies":[{"name":"wp","href":"https:\/\/api.w.org\/{rel}","templated":true}]}}