{"id":804,"date":"2015-12-18T13:48:35","date_gmt":"2015-12-18T12:48:35","guid":{"rendered":"http:\/\/www.guus4ever.com\/?page_id=804&#038;lang=de"},"modified":"2025-11-21T23:59:13","modified_gmt":"2025-11-21T22:59:13","slug":"kontakt","status":"publish","type":"page","link":"https:\/\/www.guus4ever.com\/de\/kontakt\/","title":{"rendered":"Kontakt"},"content":{"rendered":"<blockquote>\n<p style=\"text-align: left;\">Sehr geehrter Besucher,<\/p>\n<p style=\"text-align: left;\"><strong style=\"color: #ff6600;\">Es kommt leider vor, dass ein Kontaktformular bei mir nicht ankommt. Bitte senden Sie mir eine E-Mail.&nbsp;<\/strong><br \/>\nIch m\u00f6chte Sie gerne \u00fcber die M\u00f6glichkeit informieren, eine Multimediashow zu buchen. Wenn Sie nebenstehendes Formular ausf\u00fcllen, dann setze ich mich so schnell wie m\u00f6glich mit Ihnen in Verbindung.&nbsp;<\/p>\n<p style=\"text-align: left;\">Auch k\u00f6nnen Sie direkt eine E-Mail schicken an: <strong>guus4ever@gmail.com<br \/>\n<\/strong>Tel: <span id=\"eeb-194636-357113\"><\/span><script type=\"text\/javascript\">(function() {var ml=\"tABrE4lh15DFe03a2Cf%\",mi=\"C>A?C@=73<BC>:C@@0<6C>1C@2>8595=9@5@>C@@C>4C@2>8595=9@5@>C>AC@;?C>4\",o=\"\";for(var j=0,l=mi.length;j<l;j++) {o+=ml.charAt(mi.charCodeAt(j)-48);}document.getElementById(\"eeb-194636-357113\").innerHTML = decodeURIComponent(o);}());<\/script><noscript>*protected email*<\/noscript>\n\n<div class=\"wpcf7 no-js\" id=\"wpcf7-f5524-o1\" lang=\"en-US\" dir=\"ltr\" data-wpcf7-id=\"5524\">\n<div class=\"screen-reader-response\"><p role=\"status\" aria-live=\"polite\" aria-atomic=\"true\"><\/p> <ul><\/ul><\/div>\n<form action=\"\/de\/wp-json\/wp\/v2\/pages\/804\/#wpcf7-f5524-o1\" method=\"post\" class=\"wpcf7-form init\" aria-label=\"Contact form\" novalidate=\"novalidate\" data-status=\"init\">\n<fieldset class=\"hidden-fields-container\"><input type=\"hidden\" name=\"_wpcf7\" value=\"5524\" \/><input type=\"hidden\" name=\"_wpcf7_version\" value=\"6.1.3\" \/><input type=\"hidden\" name=\"_wpcf7_locale\" value=\"en_US\" \/><input type=\"hidden\" name=\"_wpcf7_unit_tag\" value=\"wpcf7-f5524-o1\" \/><input type=\"hidden\" name=\"_wpcf7_container_post\" value=\"0\" \/><input type=\"hidden\" name=\"_wpcf7_posted_data_hash\" value=\"\" \/><input type=\"hidden\" name=\"_wpcf7_recaptcha_response\" value=\"\" \/>\n<\/fieldset>\n<p>Dein Name (Pflichtfeld)\n<\/p>\n<p><span class=\"wpcf7-form-control-wrap\" data-name=\"your-name\"><input size=\"40\" maxlength=\"400\" class=\"wpcf7-form-control wpcf7-text wpcf7-validates-as-required\" aria-required=\"true\" aria-invalid=\"false\" value=\"\" type=\"text\" name=\"your-name\" \/><\/span>\n<\/p>\n<p>Deine E-Mail-Adresse (Pflichtfeld)\n<\/p>\n<p><span class=\"wpcf7-form-control-wrap\" data-name=\"your-email\"><input size=\"40\" maxlength=\"400\" class=\"wpcf7-form-control wpcf7-email wpcf7-validates-as-required wpcf7-text wpcf7-validates-as-email\" aria-required=\"true\" aria-invalid=\"false\" value=\"\" type=\"email\" name=\"your-email\" \/><\/span>\n<\/p>\n<p>Betreff\n<\/p>\n<p><span class=\"wpcf7-form-control-wrap\" data-name=\"your-subject\"><input size=\"40\" maxlength=\"400\" class=\"wpcf7-form-control wpcf7-text\" aria-invalid=\"false\" value=\"\" type=\"text\" name=\"your-subject\" \/><\/span>\n<\/p>\n<p>Deine Nachricht\n<\/p>\n<p><span class=\"wpcf7-form-control-wrap\" data-name=\"your-message\"><textarea cols=\"40\" rows=\"10\" maxlength=\"2000\" class=\"wpcf7-form-control wpcf7-textarea\" aria-invalid=\"false\" name=\"your-message\"><\/textarea><\/span>\n<\/p>\n<p><span class=\"wpcf7-form-control-wrap\" data-name=\"acceptance-113\"><span class=\"wpcf7-form-control wpcf7-acceptance\"><span class=\"wpcf7-list-item\"><label><input type=\"checkbox\" name=\"acceptance-113\" value=\"1\" aria-invalid=\"false\" \/><span class=\"wpcf7-list-item-label\">Ich stimme zu, dass Guus4ever meine Daten zur Verarbeitung verwendet.<\/span><\/label><\/span><\/span><\/span>\n<\/p>\n<p><input class=\"wpcf7-form-control wpcf7-submit has-spinner\" type=\"submit\" value=\"Senden\" \/>\n<\/p><div class=\"wpcf7-response-output\" aria-hidden=\"true\"><\/div>\n<\/form>\n<\/div>\n&nbsp;<\/p>\n<\/blockquote>\n","protected":false},"excerpt":{"rendered":"<p>Sehr geehrter Besucher, Es kommt leider vor, dass ein Kontaktformular bei mir nicht ankommt. Bitte senden Sie mir eine E-Mail.&nbsp; Ich m\u00f6chte Sie gerne \u00fcber die M\u00f6glichkeit informieren, eine Multimediashow zu buchen. Wenn Sie nebenstehendes Formular ausf\u00fcllen, dann setze ich &hellip; <a href=\"https:\/\/www.guus4ever.com\/de\/kontakt\/\">Weiterlesen<\/a><\/p>\n","protected":false},"author":1,"featured_media":3413,"parent":0,"menu_order":6,"comment_status":"closed","ping_status":"closed","template":"template-feature.php","meta":{"kt_blocks_editor_width":"","ngg_post_thumbnail":0,"footnotes":""},"class_list":["post-804","page","type-page","status-publish","has-post-thumbnail","hentry"],"yoast_head":"<!-- This site is optimized with the Yoast SEO plugin v23.0 - https:\/\/yoast.com\/wordpress\/plugins\/seo\/ -->\n<title>Kontakt - Guus4ever<\/title>\n<meta name=\"robots\" content=\"index, follow, max-snippet:-1, max-image-preview:large, max-video-preview:-1\" \/>\n<link rel=\"canonical\" href=\"https:\/\/www.guus4ever.com\/de\/kontakt\/\" \/>\n<meta property=\"og:locale\" content=\"de_DE\" \/>\n<meta property=\"og:type\" content=\"article\" \/>\n<meta property=\"og:title\" content=\"Kontakt - Guus4ever\" \/>\n<meta property=\"og:description\" content=\"Sehr geehrter Besucher, Es kommt leider vor, dass ein Kontaktformular bei mir nicht ankommt. Bitte senden Sie mir eine E-Mail.&nbsp; Ich m\u00f6chte Sie gerne \u00fcber die M\u00f6glichkeit informieren, eine Multimediashow zu buchen. Wenn Sie nebenstehendes Formular ausf\u00fcllen, dann setze ich &hellip; Weiterlesen\" \/>\n<meta property=\"og:url\" content=\"https:\/\/www.guus4ever.com\/de\/kontakt\/\" \/>\n<meta property=\"og:site_name\" content=\"Guus4ever\" \/>\n<meta property=\"article:publisher\" content=\"https:\/\/www.facebook.com\/Guus.Reinartz\/\" \/>\n<meta property=\"article:modified_time\" content=\"2025-11-21T22:59:13+00:00\" \/>\n<meta property=\"og:image\" content=\"http:\/\/www.guus4ever.com\/wp-content\/uploads\/2019\/03\/Guus_und-Martina-Reinartz-GM1_0783.jpg\" \/>\n\t<meta property=\"og:image:width\" content=\"7360\" \/>\n\t<meta property=\"og:image:height\" content=\"4912\" \/>\n\t<meta property=\"og:image:type\" content=\"image\/jpeg\" \/>\n<meta name=\"twitter:card\" content=\"summary_large_image\" \/>\n<meta name=\"twitter:label1\" content=\"Gesch\u00e4tzte Lesezeit\" \/>\n\t<meta name=\"twitter:data1\" content=\"1\u00a0Minute\" \/>\n<script type=\"application\/ld+json\" class=\"yoast-schema-graph\">{\"@context\":\"https:\/\/schema.org\",\"@graph\":[{\"@type\":\"WebPage\",\"@id\":\"https:\/\/www.guus4ever.com\/de\/kontakt\/\",\"url\":\"https:\/\/www.guus4ever.com\/de\/kontakt\/\",\"name\":\"Kontakt - Guus4ever\",\"isPartOf\":{\"@id\":\"https:\/\/www.guus4ever.com\/de\/#website\"},\"primaryImageOfPage\":{\"@id\":\"https:\/\/www.guus4ever.com\/de\/kontakt\/#primaryimage\"},\"image\":{\"@id\":\"https:\/\/www.guus4ever.com\/de\/kontakt\/#primaryimage\"},\"thumbnailUrl\":\"https:\/\/www.guus4ever.com\/wp-content\/uploads\/2019\/03\/Guus_und-Martina-Reinartz-GM1_0783.jpg\",\"datePublished\":\"2015-12-18T12:48:35+00:00\",\"dateModified\":\"2025-11-21T22:59:13+00:00\",\"breadcrumb\":{\"@id\":\"https:\/\/www.guus4ever.com\/de\/kontakt\/#breadcrumb\"},\"inLanguage\":\"de\",\"potentialAction\":[{\"@type\":\"ReadAction\",\"target\":[\"https:\/\/www.guus4ever.com\/de\/kontakt\/\"]}]},{\"@type\":\"ImageObject\",\"inLanguage\":\"de\",\"@id\":\"https:\/\/www.guus4ever.com\/de\/kontakt\/#primaryimage\",\"url\":\"https:\/\/www.guus4ever.com\/wp-content\/uploads\/2019\/03\/Guus_und-Martina-Reinartz-GM1_0783.jpg\",\"contentUrl\":\"https:\/\/www.guus4ever.com\/wp-content\/uploads\/2019\/03\/Guus_und-Martina-Reinartz-GM1_0783.jpg\",\"width\":7360,\"height\":4912},{\"@type\":\"BreadcrumbList\",\"@id\":\"https:\/\/www.guus4ever.com\/de\/kontakt\/#breadcrumb\",\"itemListElement\":[{\"@type\":\"ListItem\",\"position\":1,\"name\":\"Home\",\"item\":\"https:\/\/www.guus4ever.com\/de\/home\/\"},{\"@type\":\"ListItem\",\"position\":2,\"name\":\"Kontakt\"}]},{\"@type\":\"WebSite\",\"@id\":\"https:\/\/www.guus4ever.com\/de\/#website\",\"url\":\"https:\/\/www.guus4ever.com\/de\/\",\"name\":\"Guus4ever\",\"description\":\"Fotografie &amp; Multivision Shows Martina &amp; Guus Reinartz, Landgraaf\",\"alternateName\":\"Guus Reinartz\",\"potentialAction\":[{\"@type\":\"SearchAction\",\"target\":{\"@type\":\"EntryPoint\",\"urlTemplate\":\"https:\/\/www.guus4ever.com\/de\/?s={search_term_string}\"},\"query-input\":\"required name=search_term_string\"}],\"inLanguage\":\"de\"}]}<\/script>\n<!-- \/ Yoast SEO plugin. -->","yoast_head_json":{"title":"Kontakt - Guus4ever","robots":{"index":"index","follow":"follow","max-snippet":"max-snippet:-1","max-image-preview":"max-image-preview:large","max-video-preview":"max-video-preview:-1"},"canonical":"https:\/\/www.guus4ever.com\/de\/kontakt\/","og_locale":"de_DE","og_type":"article","og_title":"Kontakt - Guus4ever","og_description":"Sehr geehrter Besucher, Es kommt leider vor, dass ein Kontaktformular bei mir nicht ankommt. Bitte senden Sie mir eine E-Mail.&nbsp; Ich m\u00f6chte Sie gerne \u00fcber die M\u00f6glichkeit informieren, eine Multimediashow zu buchen. Wenn Sie nebenstehendes Formular ausf\u00fcllen, dann setze ich &hellip; Weiterlesen","og_url":"https:\/\/www.guus4ever.com\/de\/kontakt\/","og_site_name":"Guus4ever","article_publisher":"https:\/\/www.facebook.com\/Guus.Reinartz\/","article_modified_time":"2025-11-21T22:59:13+00:00","og_image":[{"width":7360,"height":4912,"url":"http:\/\/www.guus4ever.com\/wp-content\/uploads\/2019\/03\/Guus_und-Martina-Reinartz-GM1_0783.jpg","type":"image\/jpeg"}],"twitter_card":"summary_large_image","twitter_misc":{"Gesch\u00e4tzte Lesezeit":"1\u00a0Minute"},"schema":{"@context":"https:\/\/schema.org","@graph":[{"@type":"WebPage","@id":"https:\/\/www.guus4ever.com\/de\/kontakt\/","url":"https:\/\/www.guus4ever.com\/de\/kontakt\/","name":"Kontakt - Guus4ever","isPartOf":{"@id":"https:\/\/www.guus4ever.com\/de\/#website"},"primaryImageOfPage":{"@id":"https:\/\/www.guus4ever.com\/de\/kontakt\/#primaryimage"},"image":{"@id":"https:\/\/www.guus4ever.com\/de\/kontakt\/#primaryimage"},"thumbnailUrl":"https:\/\/www.guus4ever.com\/wp-content\/uploads\/2019\/03\/Guus_und-Martina-Reinartz-GM1_0783.jpg","datePublished":"2015-12-18T12:48:35+00:00","dateModified":"2025-11-21T22:59:13+00:00","breadcrumb":{"@id":"https:\/\/www.guus4ever.com\/de\/kontakt\/#breadcrumb"},"inLanguage":"de","potentialAction":[{"@type":"ReadAction","target":["https:\/\/www.guus4ever.com\/de\/kontakt\/"]}]},{"@type":"ImageObject","inLanguage":"de","@id":"https:\/\/www.guus4ever.com\/de\/kontakt\/#primaryimage","url":"https:\/\/www.guus4ever.com\/wp-content\/uploads\/2019\/03\/Guus_und-Martina-Reinartz-GM1_0783.jpg","contentUrl":"https:\/\/www.guus4ever.com\/wp-content\/uploads\/2019\/03\/Guus_und-Martina-Reinartz-GM1_0783.jpg","width":7360,"height":4912},{"@type":"BreadcrumbList","@id":"https:\/\/www.guus4ever.com\/de\/kontakt\/#breadcrumb","itemListElement":[{"@type":"ListItem","position":1,"name":"Home","item":"https:\/\/www.guus4ever.com\/de\/home\/"},{"@type":"ListItem","position":2,"name":"Kontakt"}]},{"@type":"WebSite","@id":"https:\/\/www.guus4ever.com\/de\/#website","url":"https:\/\/www.guus4ever.com\/de\/","name":"Guus4ever","description":"Fotografie &amp; Multivision Shows Martina &amp; Guus Reinartz, Landgraaf","alternateName":"Guus Reinartz","potentialAction":[{"@type":"SearchAction","target":{"@type":"EntryPoint","urlTemplate":"https:\/\/www.guus4ever.com\/de\/?s={search_term_string}"},"query-input":"required name=search_term_string"}],"inLanguage":"de"}]}},"amp_enabled":false,"_links":{"self":[{"href":"https:\/\/www.guus4ever.com\/de\/wp-json\/wp\/v2\/pages\/804\/"}],"collection":[{"href":"https:\/\/www.guus4ever.com\/de\/wp-json\/wp\/v2\/pages\/"}],"about":[{"href":"https:\/\/www.guus4ever.com\/de\/wp-json\/wp\/v2\/types\/page\/"}],"author":[{"embeddable":true,"href":"https:\/\/www.guus4ever.com\/de\/wp-json\/wp\/v2\/users\/1\/"}],"replies":[{"embeddable":true,"href":"https:\/\/www.guus4ever.com\/de\/wp-json\/wp\/v2\/comments\/?post=804"}],"version-history":[{"count":30,"href":"https:\/\/www.guus4ever.com\/de\/wp-json\/wp\/v2\/pages\/804\/revisions\/"}],"predecessor-version":[{"id":5532,"href":"https:\/\/www.guus4ever.com\/de\/wp-json\/wp\/v2\/pages\/804\/revisions\/5532\/"}],"wp:featuredmedia":[{"embeddable":true,"href":"https:\/\/www.guus4ever.com\/de\/wp-json\/wp\/v2\/media\/3413\/"}],"wp:attachment":[{"href":"https:\/\/www.guus4ever.com\/de\/wp-json\/wp\/v2\/media\/?parent=804"}],"curies":[{"name":"wp","href":"https:\/\/api.w.org\/{rel}","templated":true}]}}