{"id":971,"date":"2016-01-26T11:40:41","date_gmt":"2016-01-26T10:40:41","guid":{"rendered":"http:\/\/www.guus4ever.com\/?page_id=971&#038;lang=de"},"modified":"2021-11-24T21:35:01","modified_gmt":"2021-11-24T20:35:01","slug":"buch-stubai-licht-in-den-bergen","status":"publish","type":"page","link":"https:\/\/www.guus4ever.com\/de\/foto-arbeiten\/buch-stubai-licht-in-den-bergen\/","title":{"rendered":"Buch Stubai &#8211; Licht in den Bergen"},"content":{"rendered":"<p>Einige Impressionen aus dem Buch<\/p>\n<div class=\"pb-wrap\">\r\n    <div class=\"wcp-loader\"><\/div>\r\n    <div><img decoding=\"async\" class=\"wcp-size-image\" style=\"display:none;\" src=\"http:\/\/www.guus4ever.com\/wp-content\/uploads\/2016\/03\/2-19-stubai-1.jpg\"><\/div>\r\n    <div class=\"flipbook\" id=\"1540\">\r\n    <div><img decoding=\"async\" src=\"http:\/\/www.guus4ever.com\/wp-content\/uploads\/2016\/03\/2-19-stubai-1.jpg\"><\/div><div><img decoding=\"async\" src=\"http:\/\/www.guus4ever.com\/wp-content\/uploads\/2016\/03\/2-19-stubai-2.jpg\"><\/div><div><img decoding=\"async\" src=\"http:\/\/www.guus4ever.com\/wp-content\/uploads\/2016\/03\/2-19-stubai-3.jpg\"><\/div><div><img decoding=\"async\" src=\"http:\/\/www.guus4ever.com\/wp-content\/uploads\/2016\/03\/2-19-stubai-4.jpg\"><\/div><div><img decoding=\"async\" src=\"http:\/\/www.guus4ever.com\/wp-content\/uploads\/2016\/03\/2-19-stubai-5.jpg\"><\/div><div><img decoding=\"async\" src=\"http:\/\/www.guus4ever.com\/wp-content\/uploads\/2016\/03\/2-19-stubai-6.jpg\"><\/div><div><img decoding=\"async\" src=\"http:\/\/www.guus4ever.com\/wp-content\/uploads\/2016\/03\/2-19-stubai-7.jpg\"><\/div><div><img decoding=\"async\" src=\"http:\/\/www.guus4ever.com\/wp-content\/uploads\/2016\/03\/2-19-stubai-8.jpg\"><\/div><div><img decoding=\"async\" src=\"http:\/\/www.guus4ever.com\/wp-content\/uploads\/2016\/03\/2-19-stubai-9.jpg\"><\/div><div><img decoding=\"async\" src=\"http:\/\/www.guus4ever.com\/wp-content\/uploads\/2016\/03\/2-19-stubai-10.jpg\"><\/div><div><img decoding=\"async\" src=\"http:\/\/www.guus4ever.com\/wp-content\/uploads\/2016\/03\/2-19-stubai-11.jpg\"><\/div><div><img decoding=\"async\" src=\"http:\/\/www.guus4ever.com\/wp-content\/uploads\/2016\/03\/2-19-stubai-12.jpg\"><\/div><div><img decoding=\"async\" src=\"http:\/\/www.guus4ever.com\/wp-content\/uploads\/2016\/03\/2-19-stubai-13.jpg\"><\/div><div><img decoding=\"async\" src=\"http:\/\/www.guus4ever.com\/wp-content\/uploads\/2016\/03\/2-19-stubai-14.jpg\"><\/div><div><img decoding=\"async\" src=\"http:\/\/www.guus4ever.com\/wp-content\/uploads\/2016\/03\/2-19-stubai-15.jpg\"><\/div><div><img decoding=\"async\" src=\"http:\/\/www.guus4ever.com\/wp-content\/uploads\/2016\/03\/2-19-stubai-16.jpg\"><\/div><div><img decoding=\"async\" src=\"http:\/\/www.guus4ever.com\/wp-content\/uploads\/2016\/03\/2-19-stubai-17.jpg\"><\/div><div><img decoding=\"async\" src=\"http:\/\/www.guus4ever.com\/wp-content\/uploads\/2016\/03\/2-19-stubai-18.jpg\"><\/div>    <\/div>\r\n<\/div>\n<p>F\u00fcr uns&nbsp;war es eine eine besondere Freude, die Sch\u00f6nheit des Stubaitals f\u00fcr dieses Buch zu fotografieren. Die Fotografie betrachten wir&nbsp;als Dreiklang aus Licht, Komposition und dem perfekten Moment. Den optimalen Augenblick einzufangen, ist immer die gr\u00f6\u00dfte Herausforderung, da die fesselndsten Momente meistens auch die fl\u00fcchtigsten sind.&nbsp;Das aus dem Griechischen kommende Wort &#8222;Fotografie&#8220; bedeutet &#8222;mit Licht schreiben&#8220;. Das richtige Licht bringt ein Bild zur Vollendung. Licht lenkt Augen und Herzen, es l\u00f6st Emotionen aus. Licht ist die Quelle aller Farbigkeit und bringt Form, Struktur und Tiefe hervor; Licht ist der Pinsel, der ihren Bildblick gestaltet. Der vorliegende Bildband l\u00e4dt seine Betrachter auf ein sinnliches Stubai-Erlebnis ein, indem sie den Funken des Lichts und der Begeisterung \u00fcberspringen lassen.<\/p>\n<p><a href=\"https:\/\/www.guus4ever.com\/de\/kontakt\/?lang=de\">Hier k\u00f6nnen Sie das Buch bestellen:<\/a><\/p>\n<figure id=\"attachment_1177\" class=\"thumbnail wp-caption alignnone\" style=\"width: 228px\"><a href=\" http:\/\/www.guus4ever.com\/?page_id=804&amp;lang=de \"><img loading=\"lazy\" decoding=\"async\" class=\"wp-image-1177\" src=\"http:\/\/www.guus4ever.com\/wp-content\/uploads\/2016\/01\/Boek-Stubai-3D-300x212.jpg\" alt=\"Boek Stubai 3D\" width=\"228\" height=\"161\" srcset=\"https:\/\/www.guus4ever.com\/wp-content\/uploads\/2016\/01\/Boek-Stubai-3D-300x212.jpg 300w, https:\/\/www.guus4ever.com\/wp-content\/uploads\/2016\/01\/Boek-Stubai-3D-768x543.jpg 768w, https:\/\/www.guus4ever.com\/wp-content\/uploads\/2016\/01\/Boek-Stubai-3D-1024x724.jpg 1024w\" sizes=\"auto, (max-width: 228px) 100vw, 228px\" \/><\/a><figcaption class=\"caption wp-caption-text\">in deutsch und englisch<\/figcaption><\/figure>\n<p>&nbsp;<\/p>\n","protected":false},"excerpt":{"rendered":"<p>Einige Impressionen aus dem Buch F\u00fcr uns&nbsp;war es eine eine besondere Freude, die Sch\u00f6nheit des Stubaitals f\u00fcr dieses Buch zu fotografieren. Die Fotografie betrachten wir&nbsp;als Dreiklang aus Licht, Komposition und dem perfekten Moment. Den optimalen Augenblick einzufangen, ist immer die &hellip; <a href=\"https:\/\/www.guus4ever.com\/de\/foto-arbeiten\/buch-stubai-licht-in-den-bergen\/\">Weiterlesen<\/a><\/p>\n","protected":false},"author":1,"featured_media":0,"parent":783,"menu_order":2,"comment_status":"closed","ping_status":"closed","template":"","meta":{"kt_blocks_editor_width":"","ngg_post_thumbnail":0,"footnotes":""},"class_list":["post-971","page","type-page","status-publish","hentry"],"yoast_head":"<!-- This site is optimized with the Yoast SEO plugin v23.0 - https:\/\/yoast.com\/wordpress\/plugins\/seo\/ -->\n<title>Buch Stubai - Licht in den Bergen - Guus4ever<\/title>\n<meta name=\"robots\" content=\"index, follow, max-snippet:-1, max-image-preview:large, max-video-preview:-1\" \/>\n<link rel=\"canonical\" href=\"https:\/\/www.guus4ever.com\/de\/foto-arbeiten\/buch-stubai-licht-in-den-bergen\/\" \/>\n<meta property=\"og:locale\" content=\"de_DE\" \/>\n<meta property=\"og:type\" content=\"article\" \/>\n<meta property=\"og:title\" content=\"Buch Stubai - Licht in den Bergen - Guus4ever\" \/>\n<meta property=\"og:description\" content=\"Einige Impressionen aus dem Buch F\u00fcr uns&nbsp;war es eine eine besondere Freude, die Sch\u00f6nheit des Stubaitals f\u00fcr dieses Buch zu fotografieren. Die Fotografie betrachten wir&nbsp;als Dreiklang aus Licht, Komposition und dem perfekten Moment. Den optimalen Augenblick einzufangen, ist immer die &hellip; Weiterlesen\" \/>\n<meta property=\"og:url\" content=\"https:\/\/www.guus4ever.com\/de\/foto-arbeiten\/buch-stubai-licht-in-den-bergen\/\" \/>\n<meta property=\"og:site_name\" content=\"Guus4ever\" \/>\n<meta property=\"article:publisher\" content=\"https:\/\/www.facebook.com\/Guus.Reinartz\/\" \/>\n<meta property=\"article:modified_time\" content=\"2021-11-24T20:35:01+00:00\" \/>\n<meta property=\"og:image\" content=\"http:\/\/www.guus4ever.com\/wp-content\/uploads\/2016\/01\/Boek-Stubai-3D-300x212.jpg\" \/>\n<meta name=\"twitter:card\" content=\"summary_large_image\" \/>\n<meta name=\"twitter:label1\" content=\"Gesch\u00e4tzte Lesezeit\" \/>\n\t<meta name=\"twitter:data1\" content=\"1\u00a0Minute\" \/>\n<script type=\"application\/ld+json\" class=\"yoast-schema-graph\">{\"@context\":\"https:\/\/schema.org\",\"@graph\":[{\"@type\":\"WebPage\",\"@id\":\"https:\/\/www.guus4ever.com\/de\/foto-arbeiten\/buch-stubai-licht-in-den-bergen\/\",\"url\":\"https:\/\/www.guus4ever.com\/de\/foto-arbeiten\/buch-stubai-licht-in-den-bergen\/\",\"name\":\"Buch Stubai - Licht in den Bergen - Guus4ever\",\"isPartOf\":{\"@id\":\"https:\/\/www.guus4ever.com\/de\/#website\"},\"primaryImageOfPage\":{\"@id\":\"https:\/\/www.guus4ever.com\/de\/foto-arbeiten\/buch-stubai-licht-in-den-bergen\/#primaryimage\"},\"image\":{\"@id\":\"https:\/\/www.guus4ever.com\/de\/foto-arbeiten\/buch-stubai-licht-in-den-bergen\/#primaryimage\"},\"thumbnailUrl\":\"http:\/\/www.guus4ever.com\/wp-content\/uploads\/2016\/01\/Boek-Stubai-3D-300x212.jpg\",\"datePublished\":\"2016-01-26T10:40:41+00:00\",\"dateModified\":\"2021-11-24T20:35:01+00:00\",\"breadcrumb\":{\"@id\":\"https:\/\/www.guus4ever.com\/de\/foto-arbeiten\/buch-stubai-licht-in-den-bergen\/#breadcrumb\"},\"inLanguage\":\"de\",\"potentialAction\":[{\"@type\":\"ReadAction\",\"target\":[\"https:\/\/www.guus4ever.com\/de\/foto-arbeiten\/buch-stubai-licht-in-den-bergen\/\"]}]},{\"@type\":\"ImageObject\",\"inLanguage\":\"de\",\"@id\":\"https:\/\/www.guus4ever.com\/de\/foto-arbeiten\/buch-stubai-licht-in-den-bergen\/#primaryimage\",\"url\":\"http:\/\/www.guus4ever.com\/wp-content\/uploads\/2016\/01\/Boek-Stubai-3D-300x212.jpg\",\"contentUrl\":\"http:\/\/www.guus4ever.com\/wp-content\/uploads\/2016\/01\/Boek-Stubai-3D-300x212.jpg\"},{\"@type\":\"BreadcrumbList\",\"@id\":\"https:\/\/www.guus4ever.com\/de\/foto-arbeiten\/buch-stubai-licht-in-den-bergen\/#breadcrumb\",\"itemListElement\":[{\"@type\":\"ListItem\",\"position\":1,\"name\":\"Home\",\"item\":\"https:\/\/www.guus4ever.com\/de\/home\/\"},{\"@type\":\"ListItem\",\"position\":2,\"name\":\"Fotoarbeiten\",\"item\":\"https:\/\/www.guus4ever.com\/de\/foto-arbeiten\/\"},{\"@type\":\"ListItem\",\"position\":3,\"name\":\"Buch Stubai &#8211; Licht in den Bergen\"}]},{\"@type\":\"WebSite\",\"@id\":\"https:\/\/www.guus4ever.com\/de\/#website\",\"url\":\"https:\/\/www.guus4ever.com\/de\/\",\"name\":\"Guus4ever\",\"description\":\"Fotografie &amp; Multivision Shows Martina &amp; Guus Reinartz, Landgraaf\",\"alternateName\":\"Guus Reinartz\",\"potentialAction\":[{\"@type\":\"SearchAction\",\"target\":{\"@type\":\"EntryPoint\",\"urlTemplate\":\"https:\/\/www.guus4ever.com\/de\/?s={search_term_string}\"},\"query-input\":\"required name=search_term_string\"}],\"inLanguage\":\"de\"}]}<\/script>\n<!-- \/ Yoast SEO plugin. -->","yoast_head_json":{"title":"Buch Stubai - Licht in den Bergen - Guus4ever","robots":{"index":"index","follow":"follow","max-snippet":"max-snippet:-1","max-image-preview":"max-image-preview:large","max-video-preview":"max-video-preview:-1"},"canonical":"https:\/\/www.guus4ever.com\/de\/foto-arbeiten\/buch-stubai-licht-in-den-bergen\/","og_locale":"de_DE","og_type":"article","og_title":"Buch Stubai - Licht in den Bergen - Guus4ever","og_description":"Einige Impressionen aus dem Buch F\u00fcr uns&nbsp;war es eine eine besondere Freude, die Sch\u00f6nheit des Stubaitals f\u00fcr dieses Buch zu fotografieren. Die Fotografie betrachten wir&nbsp;als Dreiklang aus Licht, Komposition und dem perfekten Moment. Den optimalen Augenblick einzufangen, ist immer die &hellip; Weiterlesen","og_url":"https:\/\/www.guus4ever.com\/de\/foto-arbeiten\/buch-stubai-licht-in-den-bergen\/","og_site_name":"Guus4ever","article_publisher":"https:\/\/www.facebook.com\/Guus.Reinartz\/","article_modified_time":"2021-11-24T20:35:01+00:00","og_image":[{"url":"http:\/\/www.guus4ever.com\/wp-content\/uploads\/2016\/01\/Boek-Stubai-3D-300x212.jpg"}],"twitter_card":"summary_large_image","twitter_misc":{"Gesch\u00e4tzte Lesezeit":"1\u00a0Minute"},"schema":{"@context":"https:\/\/schema.org","@graph":[{"@type":"WebPage","@id":"https:\/\/www.guus4ever.com\/de\/foto-arbeiten\/buch-stubai-licht-in-den-bergen\/","url":"https:\/\/www.guus4ever.com\/de\/foto-arbeiten\/buch-stubai-licht-in-den-bergen\/","name":"Buch Stubai - Licht in den Bergen - Guus4ever","isPartOf":{"@id":"https:\/\/www.guus4ever.com\/de\/#website"},"primaryImageOfPage":{"@id":"https:\/\/www.guus4ever.com\/de\/foto-arbeiten\/buch-stubai-licht-in-den-bergen\/#primaryimage"},"image":{"@id":"https:\/\/www.guus4ever.com\/de\/foto-arbeiten\/buch-stubai-licht-in-den-bergen\/#primaryimage"},"thumbnailUrl":"http:\/\/www.guus4ever.com\/wp-content\/uploads\/2016\/01\/Boek-Stubai-3D-300x212.jpg","datePublished":"2016-01-26T10:40:41+00:00","dateModified":"2021-11-24T20:35:01+00:00","breadcrumb":{"@id":"https:\/\/www.guus4ever.com\/de\/foto-arbeiten\/buch-stubai-licht-in-den-bergen\/#breadcrumb"},"inLanguage":"de","potentialAction":[{"@type":"ReadAction","target":["https:\/\/www.guus4ever.com\/de\/foto-arbeiten\/buch-stubai-licht-in-den-bergen\/"]}]},{"@type":"ImageObject","inLanguage":"de","@id":"https:\/\/www.guus4ever.com\/de\/foto-arbeiten\/buch-stubai-licht-in-den-bergen\/#primaryimage","url":"http:\/\/www.guus4ever.com\/wp-content\/uploads\/2016\/01\/Boek-Stubai-3D-300x212.jpg","contentUrl":"http:\/\/www.guus4ever.com\/wp-content\/uploads\/2016\/01\/Boek-Stubai-3D-300x212.jpg"},{"@type":"BreadcrumbList","@id":"https:\/\/www.guus4ever.com\/de\/foto-arbeiten\/buch-stubai-licht-in-den-bergen\/#breadcrumb","itemListElement":[{"@type":"ListItem","position":1,"name":"Home","item":"https:\/\/www.guus4ever.com\/de\/home\/"},{"@type":"ListItem","position":2,"name":"Fotoarbeiten","item":"https:\/\/www.guus4ever.com\/de\/foto-arbeiten\/"},{"@type":"ListItem","position":3,"name":"Buch Stubai &#8211; Licht in den Bergen"}]},{"@type":"WebSite","@id":"https:\/\/www.guus4ever.com\/de\/#website","url":"https:\/\/www.guus4ever.com\/de\/","name":"Guus4ever","description":"Fotografie &amp; Multivision Shows Martina &amp; Guus Reinartz, Landgraaf","alternateName":"Guus Reinartz","potentialAction":[{"@type":"SearchAction","target":{"@type":"EntryPoint","urlTemplate":"https:\/\/www.guus4ever.com\/de\/?s={search_term_string}"},"query-input":"required name=search_term_string"}],"inLanguage":"de"}]}},"amp_enabled":true,"_links":{"self":[{"href":"https:\/\/www.guus4ever.com\/de\/wp-json\/wp\/v2\/pages\/971\/"}],"collection":[{"href":"https:\/\/www.guus4ever.com\/de\/wp-json\/wp\/v2\/pages\/"}],"about":[{"href":"https:\/\/www.guus4ever.com\/de\/wp-json\/wp\/v2\/types\/page\/"}],"author":[{"embeddable":true,"href":"https:\/\/www.guus4ever.com\/de\/wp-json\/wp\/v2\/users\/1\/"}],"replies":[{"embeddable":true,"href":"https:\/\/www.guus4ever.com\/de\/wp-json\/wp\/v2\/comments\/?post=971"}],"version-history":[{"count":10,"href":"https:\/\/www.guus4ever.com\/de\/wp-json\/wp\/v2\/pages\/971\/revisions\/"}],"predecessor-version":[{"id":3968,"href":"https:\/\/www.guus4ever.com\/de\/wp-json\/wp\/v2\/pages\/971\/revisions\/3968\/"}],"up":[{"embeddable":true,"href":"https:\/\/www.guus4ever.com\/de\/wp-json\/wp\/v2\/pages\/783\/"}],"wp:attachment":[{"href":"https:\/\/www.guus4ever.com\/de\/wp-json\/wp\/v2\/media\/?parent=971"}],"curies":[{"name":"wp","href":"https:\/\/api.w.org\/{rel}","templated":true}]}}